{"id":5332,"date":"2022-10-28T16:26:00","date_gmt":"2022-10-28T14:26:00","guid":{"rendered":"http:\/\/shwett.com\/?page_id=5332"},"modified":"2023-10-25T14:15:24","modified_gmt":"2023-10-25T12:15:24","slug":"documentation-technique-supervision-3d-shwett","status":"publish","type":"page","link":"https:\/\/shwett.com\/en\/documentation-technique-supervision-3d-shwett\/","title":{"rendered":"Documentation technique supervision 3D Shwett"},"content":{"rendered":"<div data-elementor-type=\"wp-page\" data-elementor-id=\"5332\" class=\"elementor elementor-5332\" data-elementor-post-type=\"page\">\n\t\t\t\t\t\t<section class=\"elementor-section elementor-top-section elementor-element elementor-element-ca234ae elementor-section-boxed elementor-section-height-default elementor-section-height-default\" data-id=\"ca234ae\" data-element_type=\"section\" data-e-type=\"section\">\n\t\t\t\t\t\t<div class=\"elementor-container elementor-column-gap-default\">\n\t\t\t\t\t<div class=\"elementor-column elementor-col-100 elementor-top-column elementor-element elementor-element-d92f4aa\" data-id=\"d92f4aa\" data-element_type=\"column\" data-e-type=\"column\">\n\t\t\t<div class=\"elementor-widget-wrap elementor-element-populated\">\n\t\t\t\t\t\t<div class=\"elementor-element elementor-element-34a8185 elementor-widget elementor-widget-heading\" data-id=\"34a8185\" data-element_type=\"widget\" data-e-type=\"widget\" data-widget_type=\"heading.default\">\n\t\t\t\t<div class=\"elementor-widget-container\">\n\t\t\t\t\t<h2 class=\"elementor-heading-title elementor-size-default\">Resources for setting up and using Shwett<\/h2>\t\t\t\t<\/div>\n\t\t\t\t<\/div>\n\t\t\t\t<div class=\"elementor-element elementor-element-066b931 elementor-grid-2 elementor-grid-tablet-2 elementor-grid-mobile-1 elementor-posts--thumbnail-top elementor-widget elementor-widget-posts\" data-id=\"066b931\" data-element_type=\"widget\" data-e-type=\"widget\" data-settings=\"{&quot;classic_columns&quot;:&quot;2&quot;,&quot;classic_row_gap&quot;:{&quot;unit&quot;:&quot;px&quot;,&quot;size&quot;:67,&quot;sizes&quot;:[]},&quot;classic_columns_tablet&quot;:&quot;2&quot;,&quot;classic_columns_mobile&quot;:&quot;1&quot;,&quot;classic_row_gap_tablet&quot;:{&quot;unit&quot;:&quot;px&quot;,&quot;size&quot;:&quot;&quot;,&quot;sizes&quot;:[]},&quot;classic_row_gap_mobile&quot;:{&quot;unit&quot;:&quot;px&quot;,&quot;size&quot;:&quot;&quot;,&quot;sizes&quot;:[]}}\" data-widget_type=\"posts.classic\">\n\t\t\t\t<div class=\"elementor-widget-container\">\n\t\t\t\t\t\t\t<div class=\"elementor-posts-container elementor-posts elementor-posts--skin-classic elementor-grid\" role=\"list\">\n\t\t\t\t<article class=\"elementor-post elementor-grid-item post-8901 post type-post status-publish format-standard has-post-thumbnail hentry category-documentation\" role=\"listitem\">\n\t\t\t\t<a class=\"elementor-post__thumbnail__link\" href=\"https:\/\/shwett.com\/en\/shwett-dans-le-radar-wavestone-2025\/\" tabindex=\"-1\" target=\"&quot;_blank&quot;\">\n\t\t\t<div class=\"elementor-post__thumbnail\"><img fetchpriority=\"high\" decoding=\"async\" width=\"300\" height=\"200\" src=\"https:\/\/shwett.com\/wp-content\/uploads\/2025\/04\/ChatGPT-Image-8-avr.-2025-16_02_18-300x200.png\" class=\"attachment-medium size-medium wp-image-8904\" alt=\"shwett dans le radar wavestone 2025\" srcset=\"https:\/\/shwett.com\/wp-content\/uploads\/2025\/04\/ChatGPT-Image-8-avr.-2025-16_02_18-300x200.png 300w, https:\/\/shwett.com\/wp-content\/uploads\/2025\/04\/ChatGPT-Image-8-avr.-2025-16_02_18-1024x683.png 1024w, https:\/\/shwett.com\/wp-content\/uploads\/2025\/04\/ChatGPT-Image-8-avr.-2025-16_02_18-768x512.png 768w, https:\/\/shwett.com\/wp-content\/uploads\/2025\/04\/ChatGPT-Image-8-avr.-2025-16_02_18-18x12.png 18w, https:\/\/shwett.com\/wp-content\/uploads\/2025\/04\/ChatGPT-Image-8-avr.-2025-16_02_18.png 1536w\" sizes=\"(max-width: 300px) 100vw, 300px\" \/><\/div>\n\t\t<\/a>\n\t\t\t\t<div class=\"elementor-post__text\">\n\t\t\t\t<h3 class=\"elementor-post__title\">\n\t\t\t<a href=\"https:\/\/shwett.com\/en\/shwett-dans-le-radar-wavestone-2025\/\" target=\"&quot;_blank&quot;\">\n\t\t\t\tShwett dans le radar Wavestone 2025\t\t\t<\/a>\n\t\t<\/h3>\n\t\t\t\t<div class=\"elementor-post__meta-data\">\n\t\t\t\t\t<span class=\"elementor-post-date\">\n\t\t\t9 April 2025\t\t<\/span>\n\t\t\t\t<span class=\"elementor-post-avatar\">\n\t\t\tNo Comments\t\t<\/span>\n\t\t\t\t<\/div>\n\t\t\t\t<div class=\"elementor-post__excerpt\">\n\t\t\t<p>R\u00e9inventer le travail, \u00e0 hauteur humaine Le travail peut (et doit) mieux se vivre. Il ne s\u2019agit pas juste de digitaliser \u00e0 tout prix, ni<\/p>\n\t\t<\/div>\n\t\t\n\t\t<a class=\"elementor-post__read-more\" href=\"https:\/\/shwett.com\/en\/shwett-dans-le-radar-wavestone-2025\/\" aria-label=\"Read more about Shwett dans le radar Wavestone 2025\" tabindex=\"-1\" target=\"_blank\">\n\t\t\tRead more about us\t\t<\/a>\n\n\t\t\t\t<\/div>\n\t\t\t\t<\/article>\n\t\t\t\t<article class=\"elementor-post elementor-grid-item post-8405 post type-post status-publish format-standard has-post-thumbnail hentry category-documentation\" role=\"listitem\">\n\t\t\t\t<a class=\"elementor-post__thumbnail__link\" href=\"https:\/\/shwett.com\/en\/les-tendances-it-devoilees-a-it-partners\/\" tabindex=\"-1\" target=\"&quot;_blank&quot;\">\n\t\t\t<div class=\"elementor-post__thumbnail\"><img decoding=\"async\" width=\"300\" height=\"194\" src=\"https:\/\/shwett.com\/wp-content\/uploads\/2025\/01\/lovepik-artificial-intelligence-background-image_500734183-300x194.jpg\" class=\"attachment-medium size-medium wp-image-8471\" alt=\"AI free picture (1)\" srcset=\"https:\/\/shwett.com\/wp-content\/uploads\/2025\/01\/lovepik-artificial-intelligence-background-image_500734183-300x194.jpg 300w, https:\/\/shwett.com\/wp-content\/uploads\/2025\/01\/lovepik-artificial-intelligence-background-image_500734183-1024x660.jpg 1024w, https:\/\/shwett.com\/wp-content\/uploads\/2025\/01\/lovepik-artificial-intelligence-background-image_500734183-768x495.jpg 768w, https:\/\/shwett.com\/wp-content\/uploads\/2025\/01\/lovepik-artificial-intelligence-background-image_500734183-18x12.jpg 18w, https:\/\/shwett.com\/wp-content\/uploads\/2025\/01\/lovepik-artificial-intelligence-background-image_500734183.jpg 1200w\" sizes=\"(max-width: 300px) 100vw, 300px\" \/><\/div>\n\t\t<\/a>\n\t\t\t\t<div class=\"elementor-post__text\">\n\t\t\t\t<h3 class=\"elementor-post__title\">\n\t\t\t<a href=\"https:\/\/shwett.com\/en\/les-tendances-it-devoilees-a-it-partners\/\" target=\"&quot;_blank&quot;\">\n\t\t\t\tIT trends revealed at IT Partners\t\t\t<\/a>\n\t\t<\/h3>\n\t\t\t\t<div class=\"elementor-post__meta-data\">\n\t\t\t\t\t<span class=\"elementor-post-date\">\n\t\t\t16 January 2025\t\t<\/span>\n\t\t\t\t<span class=\"elementor-post-avatar\">\n\t\t\tNo Comments\t\t<\/span>\n\t\t\t\t<\/div>\n\t\t\t\t<div class=\"elementor-post__excerpt\">\n\t\t\t<p>Technological innovation never slows down, and 2025 looks set to be a pivotal year for the IT ecosystem The IT Partners event will be a showcase for new trends<\/p>\n\t\t<\/div>\n\t\t\n\t\t<a class=\"elementor-post__read-more\" href=\"https:\/\/shwett.com\/en\/les-tendances-it-devoilees-a-it-partners\/\" aria-label=\"Read more about Les tendances IT d\u00e9voil\u00e9es \u00e0 IT Partners\" tabindex=\"-1\" target=\"_blank\">\n\t\t\tRead more about us\t\t<\/a>\n\n\t\t\t\t<\/div>\n\t\t\t\t<\/article>\n\t\t\t\t<article class=\"elementor-post elementor-grid-item post-5318 post type-post status-publish format-standard has-post-thumbnail hentry category-documentation-technique\" role=\"listitem\">\n\t\t\t\t<a class=\"elementor-post__thumbnail__link\" href=\"https:\/\/shwett.com\/en\/ajout-dune-notification-dans-microsoft-teams\/\" tabindex=\"-1\" target=\"&quot;_blank&quot;\">\n\t\t\t<div class=\"elementor-post__thumbnail\"><img decoding=\"async\" width=\"300\" height=\"225\" src=\"https:\/\/shwett.com\/wp-content\/uploads\/2022\/10\/5f7e15d860d96980649090b2_blog-thumb-007-300x225.jpg\" class=\"attachment-medium size-medium wp-image-8575\" alt=\"Notification TEAMS\" srcset=\"https:\/\/shwett.com\/wp-content\/uploads\/2022\/10\/5f7e15d860d96980649090b2_blog-thumb-007-300x225.jpg 300w, https:\/\/shwett.com\/wp-content\/uploads\/2022\/10\/5f7e15d860d96980649090b2_blog-thumb-007-1024x768.jpg 1024w, https:\/\/shwett.com\/wp-content\/uploads\/2022\/10\/5f7e15d860d96980649090b2_blog-thumb-007-768x576.jpg 768w, https:\/\/shwett.com\/wp-content\/uploads\/2022\/10\/5f7e15d860d96980649090b2_blog-thumb-007-16x12.jpg 16w, https:\/\/shwett.com\/wp-content\/uploads\/2022\/10\/5f7e15d860d96980649090b2_blog-thumb-007.jpg 1080w\" sizes=\"(max-width: 300px) 100vw, 300px\" \/><\/div>\n\t\t<\/a>\n\t\t\t\t<div class=\"elementor-post__text\">\n\t\t\t\t<h3 class=\"elementor-post__title\">\n\t\t\t<a href=\"https:\/\/shwett.com\/en\/ajout-dune-notification-dans-microsoft-teams\/\" target=\"&quot;_blank&quot;\">\n\t\t\t\tHow to set up Microsoft Teams notifications\t\t\t<\/a>\n\t\t<\/h3>\n\t\t\t\t<div class=\"elementor-post__meta-data\">\n\t\t\t\t\t<span class=\"elementor-post-date\">\n\t\t\t28 October 2022\t\t<\/span>\n\t\t\t\t<span class=\"elementor-post-avatar\">\n\t\t\tNo Comments\t\t<\/span>\n\t\t\t\t<\/div>\n\t\t\t\t<div class=\"elementor-post__excerpt\">\n\t\t\t<p>Generating the link in Microsoft Teams Log in to Teams and create a channel in the team where you want to receive alerts from Shwett: Fill in<\/p>\n\t\t<\/div>\n\t\t\n\t\t<a class=\"elementor-post__read-more\" href=\"https:\/\/shwett.com\/en\/ajout-dune-notification-dans-microsoft-teams\/\" aria-label=\"Read more about Ajout d&rsquo;une notification dans Microsoft Teams\" tabindex=\"-1\" target=\"_blank\">\n\t\t\tRead more about us\t\t<\/a>\n\n\t\t\t\t<\/div>\n\t\t\t\t<\/article>\n\t\t\t\t<article class=\"elementor-post elementor-grid-item post-5295 post type-post status-publish format-standard hentry category-documentation-technique\" role=\"listitem\">\n\t\t\t\t<div class=\"elementor-post__text\">\n\t\t\t\t<h3 class=\"elementor-post__title\">\n\t\t\t<a href=\"https:\/\/shwett.com\/en\/ajout-dune-notification-dans-slack\/\" target=\"&quot;_blank&quot;\">\n\t\t\t\tHow to add a Slack notification\t\t\t<\/a>\n\t\t<\/h3>\n\t\t\t\t<div class=\"elementor-post__meta-data\">\n\t\t\t\t\t<span class=\"elementor-post-date\">\n\t\t\t27 October 2022\t\t<\/span>\n\t\t\t\t<span class=\"elementor-post-avatar\">\n\t\t\tNo Comments\t\t<\/span>\n\t\t\t\t<\/div>\n\t\t\t\t<div class=\"elementor-post__excerpt\">\n\t\t\t<p>Generating the link in Slack Log in to Slack and create a channel in which you will receive alerts from Shwett: Once the channel<\/p>\n\t\t<\/div>\n\t\t\n\t\t<a class=\"elementor-post__read-more\" href=\"https:\/\/shwett.com\/en\/ajout-dune-notification-dans-slack\/\" aria-label=\"Read more about Ajout d&rsquo;une notification dans Slack\" tabindex=\"-1\" target=\"_blank\">\n\t\t\tRead more about us\t\t<\/a>\n\n\t\t\t\t<\/div>\n\t\t\t\t<\/article>\n\t\t\t\t<article class=\"elementor-post elementor-grid-item post-5274 post type-post status-publish format-standard hentry category-documentation-technique\" role=\"listitem\">\n\t\t\t\t<div class=\"elementor-post__text\">\n\t\t\t\t<h3 class=\"elementor-post__title\">\n\t\t\t<a href=\"https:\/\/shwett.com\/en\/configuration-api-nutanix\/\" target=\"&quot;_blank&quot;\">\n\t\t\t\tNutanix API configuration\t\t\t<\/a>\n\t\t<\/h3>\n\t\t\t\t<div class=\"elementor-post__meta-data\">\n\t\t\t\t\t<span class=\"elementor-post-date\">\n\t\t\t27 October 2022\t\t<\/span>\n\t\t\t\t<span class=\"elementor-post-avatar\">\n\t\t\tNo Comments\t\t<\/span>\n\t\t\t\t<\/div>\n\t\t\t\t<div class=\"elementor-post__excerpt\">\n\t\t\t<p>Adding the SNMP community in Prism Element Connect to Prism Element and go to the Settings menu: Then in the Network section, open<\/p>\n\t\t<\/div>\n\t\t\n\t\t<a class=\"elementor-post__read-more\" href=\"https:\/\/shwett.com\/en\/configuration-api-nutanix\/\" aria-label=\"Read more about Configuration API Nutanix\" tabindex=\"-1\" target=\"_blank\">\n\t\t\tRead more about us\t\t<\/a>\n\n\t\t\t\t<\/div>\n\t\t\t\t<\/article>\n\t\t\t\t<article class=\"elementor-post elementor-grid-item post-5263 post type-post status-publish format-standard hentry category-documentation-technique\" role=\"listitem\">\n\t\t\t\t<div class=\"elementor-post__text\">\n\t\t\t\t<h3 class=\"elementor-post__title\">\n\t\t\t<a href=\"https:\/\/shwett.com\/en\/configuration-snmp\/\" target=\"&quot;_blank&quot;\">\n\t\t\t\tSNMP configuration\t\t\t<\/a>\n\t\t<\/h3>\n\t\t\t\t<div class=\"elementor-post__meta-data\">\n\t\t\t\t\t<span class=\"elementor-post-date\">\n\t\t\t27 October 2022\t\t<\/span>\n\t\t\t\t<span class=\"elementor-post-avatar\">\n\t\t\tNo Comments\t\t<\/span>\n\t\t\t\t<\/div>\n\t\t\t\t<div class=\"elementor-post__excerpt\">\n\t\t\t<p>Adding an SNMP community in the extranet Connect to the Shwett extranet: http:\/\/extranet.shwett.com and go to the SNMP \/ API page: Click on the<\/p>\n\t\t<\/div>\n\t\t\n\t\t<a class=\"elementor-post__read-more\" href=\"https:\/\/shwett.com\/en\/configuration-snmp\/\" aria-label=\"Read more about Configuration SNMP\" tabindex=\"-1\" target=\"_blank\">\n\t\t\tRead more about us\t\t<\/a>\n\n\t\t\t\t<\/div>\n\t\t\t\t<\/article>\n\t\t\t\t<\/div>\n\t\t\n\t\t\t\t\t\t<\/div>\n\t\t\t\t<\/div>\n\t\t\t\t\t<\/div>\n\t\t<\/div>\n\t\t\t\t\t<\/div>\n\t\t<\/section>\n\t\t\t\t<section class=\"elementor-section elementor-top-section elementor-element elementor-element-462b9ff elementor-section-boxed elementor-section-height-default elementor-section-height-default\" data-id=\"462b9ff\" data-element_type=\"section\" data-e-type=\"section\">\n\t\t\t\t\t\t<div class=\"elementor-container elementor-column-gap-default\">\n\t\t\t\t\t<div class=\"elementor-column elementor-col-100 elementor-top-column elementor-element elementor-element-4d0693b\" data-id=\"4d0693b\" data-element_type=\"column\" data-e-type=\"column\">\n\t\t\t<div class=\"elementor-widget-wrap elementor-element-populated\">\n\t\t\t\t\t\t<div class=\"elementor-element elementor-element-e6a30a1 elementor-widget elementor-widget-spacer\" data-id=\"e6a30a1\" data-element_type=\"widget\" data-e-type=\"widget\" data-widget_type=\"spacer.default\">\n\t\t\t\t<div class=\"elementor-widget-container\">\n\t\t\t\t\t\t\t<div class=\"elementor-spacer\">\n\t\t\t<div class=\"elementor-spacer-inner\"><\/div>\n\t\t<\/div>\n\t\t\t\t\t\t<\/div>\n\t\t\t\t<\/div>\n\t\t\t\t\t<\/div>\n\t\t<\/div>\n\t\t\t\t\t<\/div>\n\t\t<\/section>\n\t\t\t\t<\/div>","protected":false},"excerpt":{"rendered":"<p>Ressources pour la configuration et l&rsquo;utilisation de Shwett<\/p>","protected":false},"author":4,"featured_media":0,"parent":0,"menu_order":0,"comment_status":"closed","ping_status":"closed","template":"","meta":{"_seopress_robots_primary_cat":"","_seopress_titles_title":"Documentation technique : supervision 3D Shwett | Shwett","_seopress_titles_desc":"Acc\u00e9dez \u00e0 la documentation technique compl\u00e8te concernant la supervision 3D Shwett. Explorez les fonctionnalit\u00e9s et les guides sur Shwett.","_seopress_robots_index":"","site-sidebar-layout":"default","site-content-layout":"","ast-site-content-layout":"default","site-content-style":"default","site-sidebar-style":"default","ast-global-header-display":"","ast-banner-title-visibility":"","ast-main-header-display":"","ast-hfb-above-header-display":"","ast-hfb-below-header-display":"","ast-hfb-mobile-header-display":"","site-post-title":"","ast-breadcrumbs-content":"","ast-featured-img":"","footer-sml-layout":"","ast-disable-related-posts":"","theme-transparent-header-meta":"","adv-header-id-meta":"","stick-header-meta":"","header-above-stick-meta":"","header-main-stick-meta":"","header-below-stick-meta":"","astra-migrate-meta-layouts":"default","ast-page-background-enabled":"default","ast-page-background-meta":{"desktop":{"background-color":"var(--ast-global-color-4)","background-image":"","background-repeat":"repeat","background-position":"center center","background-size":"auto","background-attachment":"scroll","background-type":"","background-media":"","overlay-type":"","overlay-color":"","overlay-opacity":"","overlay-gradient":""},"tablet":{"background-color":"","background-image":"","background-repeat":"repeat","background-position":"center center","background-size":"auto","background-attachment":"scroll","background-type":"","background-media":"","overlay-type":"","overlay-color":"","overlay-opacity":"","overlay-gradient":""},"mobile":{"background-color":"","background-image":"","background-repeat":"repeat","background-position":"center center","background-size":"auto","background-attachment":"scroll","background-type":"","background-media":"","overlay-type":"","overlay-color":"","overlay-opacity":"","overlay-gradient":""}},"ast-content-background-meta":{"desktop":{"background-color":"var(--ast-global-color-5)","background-image":"","background-repeat":"repeat","background-position":"center center","background-size":"auto","background-attachment":"scroll","background-type":"","background-media":"","overlay-type":"","overlay-color":"","overlay-opacity":"","overlay-gradient":""},"tablet":{"background-color":"var(--ast-global-color-5)","background-image":"","background-repeat":"repeat","background-position":"center center","background-size":"auto","background-attachment":"scroll","background-type":"","background-media":"","overlay-type":"","overlay-color":"","overlay-opacity":"","overlay-gradient":""},"mobile":{"background-color":"var(--ast-global-color-5)","background-image":"","background-repeat":"repeat","background-position":"center center","background-size":"auto","background-attachment":"scroll","background-type":"","background-media":"","overlay-type":"","overlay-color":"","overlay-opacity":"","overlay-gradient":""}},"footnotes":""},"class_list":["post-5332","page","type-page","status-publish","hentry"],"_links":{"self":[{"href":"https:\/\/shwett.com\/en\/wp-json\/wp\/v2\/pages\/5332","targetHints":{"allow":["GET"]}}],"collection":[{"href":"https:\/\/shwett.com\/en\/wp-json\/wp\/v2\/pages"}],"about":[{"href":"https:\/\/shwett.com\/en\/wp-json\/wp\/v2\/types\/page"}],"author":[{"embeddable":true,"href":"https:\/\/shwett.com\/en\/wp-json\/wp\/v2\/users\/4"}],"replies":[{"embeddable":true,"href":"https:\/\/shwett.com\/en\/wp-json\/wp\/v2\/comments?post=5332"}],"version-history":[{"count":10,"href":"https:\/\/shwett.com\/en\/wp-json\/wp\/v2\/pages\/5332\/revisions"}],"predecessor-version":[{"id":5736,"href":"https:\/\/shwett.com\/en\/wp-json\/wp\/v2\/pages\/5332\/revisions\/5736"}],"wp:attachment":[{"href":"https:\/\/shwett.com\/en\/wp-json\/wp\/v2\/media?parent=5332"}],"curies":[{"name":"wp","href":"https:\/\/api.w.org\/{rel}","templated":true}]}}