{"id":6424,"date":"2023-06-22T15:54:37","date_gmt":"2023-06-22T13:54:37","guid":{"rendered":"http:\/\/shwett.com\/?page_id=6424"},"modified":"2025-06-27T11:41:20","modified_gmt":"2025-06-27T09:41:20","slug":"cybersecurite","status":"publish","type":"page","link":"https:\/\/shwett.com\/en\/cybersecurite\/","title":{"rendered":"Cybersecurity"},"content":{"rendered":"<div data-elementor-type=\"wp-page\" data-elementor-id=\"6424\" class=\"elementor elementor-6424\" data-elementor-post-type=\"page\">\n\t\t\t\t<div class=\"elementor-element elementor-element-d26cf80 e-flex e-con-boxed e-con e-parent\" data-id=\"d26cf80\" data-element_type=\"container\" data-e-type=\"container\" data-settings=\"{&quot;background_background&quot;:&quot;classic&quot;}\">\n\t\t\t\t\t<div class=\"e-con-inner\">\n\t\t\t\t<div class=\"elementor-element elementor-element-a6490e4 animated-slow elementor-widget elementor-widget-heading\" data-id=\"a6490e4\" data-element_type=\"widget\" data-e-type=\"widget\" data-settings=\"{&quot;_animation&quot;:&quot;none&quot;}\" data-widget_type=\"heading.default\">\n\t\t\t\t<div class=\"elementor-widget-container\">\n\t\t\t\t\t<h2 class=\"elementor-heading-title elementor-size-default\">Protection de vos donn\u00e9es<\/h2>\t\t\t\t<\/div>\n\t\t\t\t<\/div>\n\t\t\t\t<div class=\"elementor-element elementor-element-28ac0ab animated-slow elementor-widget elementor-widget-heading\" data-id=\"28ac0ab\" data-element_type=\"widget\" data-e-type=\"widget\" data-settings=\"{&quot;_animation&quot;:&quot;none&quot;}\" data-widget_type=\"heading.default\">\n\t\t\t\t<div class=\"elementor-widget-container\">\n\t\t\t\t\t<h1 class=\"elementor-heading-title elementor-size-default\">CYBERS\u00e9curit\u00e9 <\/h1>\t\t\t\t<\/div>\n\t\t\t\t<\/div>\n\t\t\t\t<div class=\"elementor-element elementor-element-6a33d0d elementor-hidden-mobile elementor-widget elementor-widget-text-editor\" data-id=\"6a33d0d\" data-element_type=\"widget\" data-e-type=\"widget\" data-widget_type=\"text-editor.default\">\n\t\t\t\t<div class=\"elementor-widget-container\">\n\t\t\t\t\t\t\t\t\t<p>Renforcez la s\u00e9curit\u00e9 de votre infrastructure informatique et pr\u00e9venez les menaces potentielles en d\u00e9tectant les nouveaux \u00e9l\u00e9ments se connectant \u00e0 votre r\u00e9seau.<\/p>\t\t\t\t\t\t\t\t<\/div>\n\t\t\t\t<\/div>\n\t\t\t\t\t<\/div>\n\t\t\t\t<\/div>\n\t\t\t\t<section class=\"elementor-section elementor-top-section elementor-element elementor-element-841bd18 elementor-section-boxed elementor-section-height-default elementor-section-height-default\" data-id=\"841bd18\" data-element_type=\"section\" data-e-type=\"section\">\n\t\t\t\t\t\t<div class=\"elementor-container elementor-column-gap-default\">\n\t\t\t\t\t<div class=\"elementor-column elementor-col-100 elementor-top-column elementor-element elementor-element-18a6817\" data-id=\"18a6817\" data-element_type=\"column\" data-e-type=\"column\">\n\t\t\t<div class=\"elementor-widget-wrap elementor-element-populated\">\n\t\t\t\t\t\t<div class=\"elementor-element elementor-element-ddb632f elementor-widget elementor-widget-text-editor\" data-id=\"ddb632f\" data-element_type=\"widget\" data-e-type=\"widget\" data-widget_type=\"text-editor.default\">\n\t\t\t\t<div class=\"elementor-widget-container\">\n\t\t\t\t\t\t\t\t\t<p>Information system security is a crucial issue for today's CIOs. Computer attacks are becoming increasingly sophisticated and targeted, making it essential to adopt proactive measures to protect your network.<\/p><p>Our new hardware detection functionality, integrated into your supervision area, offers an effective solution for reinforcing your global security posture.<\/p>\t\t\t\t\t\t\t\t<\/div>\n\t\t\t\t<\/div>\n\t\t\t\t<div class=\"elementor-element elementor-element-d3beb40 elementor-widget elementor-widget-n-accordion\" data-id=\"d3beb40\" data-element_type=\"widget\" data-e-type=\"widget\" data-settings=\"{&quot;max_items_expended&quot;:&quot;multiple&quot;,&quot;n_accordion_animation_duration&quot;:{&quot;unit&quot;:&quot;ms&quot;,&quot;size&quot;:300,&quot;sizes&quot;:[]},&quot;default_state&quot;:&quot;all_collapsed&quot;}\" data-widget_type=\"nested-accordion.default\">\n\t\t\t\t<div class=\"elementor-widget-container\">\n\t\t\t\t\t\t\t<div class=\"e-n-accordion\" aria-label=\"Accordion. Open links with Enter or Space, close with Escape, and navigate with Arrow Keys\">\n\t\t\t\t\t\t<details id=\"e-n-accordion-item-2220\" class=\"e-n-accordion-item\" >\n\t\t\t\t<summary class=\"e-n-accordion-item-title\" data-accordion-index=\"1\" tabindex=\"0\" aria-expanded=\"false\" aria-controls=\"e-n-accordion-item-2220\" >\n\t\t\t\t\t<span class='e-n-accordion-item-title-header'><div class=\"e-n-accordion-item-title-text\"> Level 3 detection <\/div><\/span>\n\t\t\t\t\t\t\t<span class='e-n-accordion-item-title-icon'>\n\t\t\t<span class='e-opened' ><i aria-hidden=\"true\" class=\"fas fa-minus\"><\/i><\/span>\n\t\t\t<span class='e-closed'><i aria-hidden=\"true\" class=\"fas fa-plus\"><\/i><\/span>\n\t\t<\/span>\n\n\t\t\t\t\t\t<\/summary>\n\t\t\t\t<div role=\"region\" aria-labelledby=\"e-n-accordion-item-2220\" class=\"elementor-element elementor-element-f89f1d9 e-con-full e-flex e-con e-child\" data-id=\"f89f1d9\" data-element_type=\"container\" data-e-type=\"container\">\n\t\t<div role=\"region\" aria-labelledby=\"e-n-accordion-item-2220\" class=\"elementor-element elementor-element-eeb321a e-con-full e-flex e-con e-child\" data-id=\"eeb321a\" data-element_type=\"container\" data-e-type=\"container\">\n\t\t\t\t<div class=\"elementor-element elementor-element-27d5441 elementor-widget elementor-widget-text-editor\" data-id=\"27d5441\" data-element_type=\"widget\" data-e-type=\"widget\" data-widget_type=\"text-editor.default\">\n\t\t\t\t<div class=\"elementor-widget-container\">\n\t\t\t\t\t\t\t\t\t<p>La d\u00e9tection au niveau 3 vous permet <b>d&rsquo;identifier les mat\u00e9riels provenant de l&rsquo;ext\u00e9rieur de votre r\u00e9seau. <\/b>En surveillant les nouvelles connexions IP, SHWETT vous alerte en cas de <b>tentative d&rsquo;intrusion<\/b>, ou de <b>comportement malveillant<\/b>, renfor\u00e7ant ainsi la d\u00e9fense contre les cyberattaques.<\/p>\t\t\t\t\t\t\t\t<\/div>\n\t\t\t\t<\/div>\n\t\t\t\t<\/div>\n\t\t<div role=\"region\" aria-labelledby=\"e-n-accordion-item-2220\" class=\"elementor-element elementor-element-65b727d e-con-full e-flex e-con e-child\" data-id=\"65b727d\" data-element_type=\"container\" data-e-type=\"container\">\n\t\t\t\t<div class=\"elementor-element elementor-element-6b2fd79 elementor-widget elementor-widget-image\" data-id=\"6b2fd79\" data-element_type=\"widget\" data-e-type=\"widget\" data-widget_type=\"image.default\">\n\t\t\t\t<div class=\"elementor-widget-container\">\n\t\t\t\t\t\t\t\t\t\t\t\t\t\t\t<img fetchpriority=\"high\" decoding=\"async\" width=\"1024\" height=\"576\" src=\"https:\/\/shwett.com\/wp-content\/uploads\/2024\/01\/V5-OK-switchs-1024x576.png\" class=\"attachment-large size-large wp-image-8063\" alt=\"Supervision des switchs et uplinks en 3D\" srcset=\"https:\/\/shwett.com\/wp-content\/uploads\/2024\/01\/V5-OK-switchs-1024x576.png 1024w, https:\/\/shwett.com\/wp-content\/uploads\/2024\/01\/V5-OK-switchs-300x169.png 300w, https:\/\/shwett.com\/wp-content\/uploads\/2024\/01\/V5-OK-switchs-768x432.png 768w, https:\/\/shwett.com\/wp-content\/uploads\/2024\/01\/V5-OK-switchs-1536x864.png 1536w, https:\/\/shwett.com\/wp-content\/uploads\/2024\/01\/V5-OK-switchs-18x10.png 18w, https:\/\/shwett.com\/wp-content\/uploads\/2024\/01\/V5-OK-switchs.png 1920w\" sizes=\"(max-width: 1024px) 100vw, 1024px\" \/>\t\t\t\t\t\t\t\t\t\t\t\t\t\t\t<\/div>\n\t\t\t\t<\/div>\n\t\t\t\t<\/div>\n\t\t\t\t<\/div>\n\t\t\t\t\t<\/details>\n\t\t\t\t\t\t<details id=\"e-n-accordion-item-2221\" class=\"e-n-accordion-item\" >\n\t\t\t\t<summary class=\"e-n-accordion-item-title\" data-accordion-index=\"2\" tabindex=\"-1\" aria-expanded=\"false\" aria-controls=\"e-n-accordion-item-2221\" >\n\t\t\t\t\t<span class='e-n-accordion-item-title-header'><div class=\"e-n-accordion-item-title-text\"> Level 2 detection <\/div><\/span>\n\t\t\t\t\t\t\t<span class='e-n-accordion-item-title-icon'>\n\t\t\t<span class='e-opened' ><i aria-hidden=\"true\" class=\"fas fa-minus\"><\/i><\/span>\n\t\t\t<span class='e-closed'><i aria-hidden=\"true\" class=\"fas fa-plus\"><\/i><\/span>\n\t\t<\/span>\n\n\t\t\t\t\t\t<\/summary>\n\t\t\t\t<div role=\"region\" aria-labelledby=\"e-n-accordion-item-2221\" class=\"elementor-element elementor-element-9b96956 e-con-full e-flex e-con e-child\" data-id=\"9b96956\" data-element_type=\"container\" data-e-type=\"container\">\n\t\t<div role=\"region\" aria-labelledby=\"e-n-accordion-item-2221\" class=\"elementor-element elementor-element-71a003f e-con-full e-flex e-con e-child\" data-id=\"71a003f\" data-element_type=\"container\" data-e-type=\"container\">\n\t\t\t\t<div class=\"elementor-element elementor-element-3321a2e elementor-widget elementor-widget-text-editor\" data-id=\"3321a2e\" data-element_type=\"widget\" data-e-type=\"widget\" data-widget_type=\"text-editor.default\">\n\t\t\t\t<div class=\"elementor-widget-container\">\n\t\t\t\t\t\t\t\t\t<p>La d\u00e9tection au niveau 2 (adresse MAC) offre une couche suppl\u00e9mentaire de s\u00e9curit\u00e9 en identifiant <b>les mat\u00e9riels connect\u00e9s \u00e0 votre r\u00e9seau de mani\u00e8re plus approfondie<\/b> que la simple d\u00e9tection au niveau 3 (adresse IP).<\/p><p>Certains attaquants peuvent masquer leur pr\u00e9sence en utilisant des<strong> techniques de falsification<\/strong>, ou<strong> de masquage d&rsquo;adresse IP<\/strong>, gr\u00e2ce \u00e0 l&rsquo;utilisation d&rsquo;un firewall.<\/p><p>La d\u00e9tection par <strong>adresse MAC<\/strong> contourne ces tentatives de dissimulation, car l&rsquo;adresse MAC est une identit\u00e9 unique associ\u00e9e \u00e0 chaque mat\u00e9riel r\u00e9seau.<\/p>\t\t\t\t\t\t\t\t<\/div>\n\t\t\t\t<\/div>\n\t\t\t\t<\/div>\n\t\t<div role=\"region\" aria-labelledby=\"e-n-accordion-item-2221\" class=\"elementor-element elementor-element-ffcbf7d e-con-full e-flex e-con e-child\" data-id=\"ffcbf7d\" data-element_type=\"container\" data-e-type=\"container\">\n\t\t\t\t<div class=\"elementor-element elementor-element-50334d1 elementor-widget elementor-widget-image\" data-id=\"50334d1\" data-element_type=\"widget\" data-e-type=\"widget\" data-widget_type=\"image.default\">\n\t\t\t\t<div class=\"elementor-widget-container\">\n\t\t\t\t\t\t\t\t\t\t\t\t\t\t\t<img decoding=\"async\" width=\"1024\" height=\"576\" src=\"https:\/\/shwett.com\/wp-content\/uploads\/2024\/01\/V5-OK-closeup-1024x576.png\" class=\"attachment-large size-large wp-image-8059\" alt=\"Supervision de hyperviseurs et VM en 3D\" srcset=\"https:\/\/shwett.com\/wp-content\/uploads\/2024\/01\/V5-OK-closeup-1024x576.png 1024w, https:\/\/shwett.com\/wp-content\/uploads\/2024\/01\/V5-OK-closeup-300x169.png 300w, https:\/\/shwett.com\/wp-content\/uploads\/2024\/01\/V5-OK-closeup-768x432.png 768w, https:\/\/shwett.com\/wp-content\/uploads\/2024\/01\/V5-OK-closeup-1536x864.png 1536w, https:\/\/shwett.com\/wp-content\/uploads\/2024\/01\/V5-OK-closeup-18x10.png 18w, https:\/\/shwett.com\/wp-content\/uploads\/2024\/01\/V5-OK-closeup.png 1920w\" sizes=\"(max-width: 1024px) 100vw, 1024px\" \/>\t\t\t\t\t\t\t\t\t\t\t\t\t\t\t<\/div>\n\t\t\t\t<\/div>\n\t\t\t\t<\/div>\n\t\t\t\t<\/div>\n\t\t\t\t\t<\/details>\n\t\t\t\t\t<\/div>\n\t\t\t\t\t\t<\/div>\n\t\t\t\t<\/div>\n\t\t\t\t\t<\/div>\n\t\t<\/div>\n\t\t\t\t\t<\/div>\n\t\t<\/section>\n\t\t<div class=\"elementor-element elementor-element-9e0e39e e-flex e-con-boxed e-con e-parent\" data-id=\"9e0e39e\" data-element_type=\"container\" data-e-type=\"container\" data-settings=\"{&quot;background_background&quot;:&quot;classic&quot;}\">\n\t\t\t\t\t<div class=\"e-con-inner\">\n\t\t\t\t<div class=\"elementor-element elementor-element-5a34c2c elementor-widget elementor-widget-text-editor\" data-id=\"5a34c2c\" data-element_type=\"widget\" data-e-type=\"widget\" data-widget_type=\"text-editor.default\">\n\t\t\t\t<div class=\"elementor-widget-container\">\n\t\t\t\t\t\t\t\t\t<p>By combining Level 2 (MAC address) and Level 3 (IP address) detection, our hardware detection functionality offers comprehensive, proactive protection against emerging threats. This gives you extensive visibility of the hardware connected to your network, reinforcing the security and reliability of your IT infrastructure.<\/p>\t\t\t\t\t\t\t\t<\/div>\n\t\t\t\t<\/div>\n\t\t\t\t\t<\/div>\n\t\t\t\t<\/div>\n\t\t<div class=\"elementor-element elementor-element-98c50e1 e-flex e-con-boxed e-con e-parent\" data-id=\"98c50e1\" data-element_type=\"container\" data-e-type=\"container\">\n\t\t\t\t\t<div class=\"e-con-inner\">\n\t\t<div class=\"elementor-element elementor-element-e000383 e-con-full e-flex e-con e-child\" data-id=\"e000383\" data-element_type=\"container\" data-e-type=\"container\">\n\t\t\t\t<div class=\"elementor-element elementor-element-ab599e7 elementor-align-right elementor-widget elementor-widget-button\" data-id=\"ab599e7\" data-element_type=\"widget\" data-e-type=\"widget\" data-widget_type=\"button.default\">\n\t\t\t\t<div class=\"elementor-widget-container\">\n\t\t\t\t\t\t\t\t\t<div class=\"elementor-button-wrapper\">\n\t\t\t\t\t<a class=\"elementor-button elementor-button-link elementor-size-lg elementor-animation-grow\" href=\"https:\/\/outlook.office.com\/book\/Shwett1@siium.fr\/s\/YhocC42xJUOxMQ-STZD_nA2?ismsaljsauthenabled=true\">\n\t\t\t\t\t\t<span class=\"elementor-button-content-wrapper\">\n\t\t\t\t\t\t\t\t\t<span class=\"elementor-button-text\">Book a demo<\/span>\n\t\t\t\t\t<\/span>\n\t\t\t\t\t<\/a>\n\t\t\t\t<\/div>\n\t\t\t\t\t\t\t\t<\/div>\n\t\t\t\t<\/div>\n\t\t\t\t<\/div>\n\t\t<div class=\"elementor-element elementor-element-166290d e-con-full e-flex e-con e-child\" data-id=\"166290d\" data-element_type=\"container\" data-e-type=\"container\">\n\t\t\t\t<div class=\"elementor-element elementor-element-4e81467 elementor-align-left elementor-widget elementor-widget-button\" data-id=\"4e81467\" data-element_type=\"widget\" data-e-type=\"widget\" data-widget_type=\"button.default\">\n\t\t\t\t<div class=\"elementor-widget-container\">\n\t\t\t\t\t\t\t\t\t<div class=\"elementor-button-wrapper\">\n\t\t\t\t\t<a class=\"elementor-button elementor-button-link elementor-size-lg elementor-animation-grow\" href=\"http:\/\/my.shwett.com\">\n\t\t\t\t\t\t<span class=\"elementor-button-content-wrapper\">\n\t\t\t\t\t\t\t\t\t<span class=\"elementor-button-text\">Free trial<\/span>\n\t\t\t\t\t<\/span>\n\t\t\t\t\t<\/a>\n\t\t\t\t<\/div>\n\t\t\t\t\t\t\t\t<\/div>\n\t\t\t\t<\/div>\n\t\t\t\t<\/div>\n\t\t\t\t\t<\/div>\n\t\t\t\t<\/div>\n\t\t\t\t<\/div>","protected":false},"excerpt":{"rendered":"<p>Protection de vos donn\u00e9es CYBERS\u00e9curit\u00e9 Renforcez la s\u00e9curit\u00e9 de votre infrastructure informatique et pr\u00e9venez les menaces potentielles en d\u00e9tectant les nouveaux \u00e9l\u00e9ments se connectant \u00e0 votre r\u00e9seau. La s\u00e9curit\u00e9 du syst\u00e8me d&rsquo;informations est un enjeu crucial pour les DSI d&rsquo;aujourd&rsquo;hui. Les attaques informatiques sont de plus en plus sophistiqu\u00e9es et cibl\u00e9es, ce qui rend essentiel [&hellip;]<\/p>","protected":false},"author":4,"featured_media":0,"parent":0,"menu_order":0,"comment_status":"closed","ping_status":"closed","template":"","meta":{"_seopress_robots_primary_cat":"","_seopress_titles_title":"Cyber s\u00e9curit\u00e9 : renforcez la protection de votre syst\u00e8me d&#039;informations | Shwett","_seopress_titles_desc":"D\u00e9couvrez comment renforcer la protection de votre syst\u00e8me d&#039;informations gr\u00e2ce \u00e0 des mesures de cyber s\u00e9curit\u00e9 efficaces. Explorez les meilleures pratiques sur Shwett.","_seopress_robots_index":"","site-sidebar-layout":"default","site-content-layout":"","ast-site-content-layout":"default","site-content-style":"default","site-sidebar-style":"default","ast-global-header-display":"","ast-banner-title-visibility":"","ast-main-header-display":"","ast-hfb-above-header-display":"","ast-hfb-below-header-display":"","ast-hfb-mobile-header-display":"","site-post-title":"","ast-breadcrumbs-content":"","ast-featured-img":"","footer-sml-layout":"","ast-disable-related-posts":"","theme-transparent-header-meta":"","adv-header-id-meta":"","stick-header-meta":"","header-above-stick-meta":"","header-main-stick-meta":"","header-below-stick-meta":"","astra-migrate-meta-layouts":"set","ast-page-background-enabled":"default","ast-page-background-meta":{"desktop":{"background-color":"var(--ast-global-color-4)","background-image":"","background-repeat":"repeat","background-position":"center center","background-size":"auto","background-attachment":"scroll","background-type":"","background-media":"","overlay-type":"","overlay-color":"","overlay-opacity":"","overlay-gradient":""},"tablet":{"background-color":"","background-image":"","background-repeat":"repeat","background-position":"center center","background-size":"auto","background-attachment":"scroll","background-type":"","background-media":"","overlay-type":"","overlay-color":"","overlay-opacity":"","overlay-gradient":""},"mobile":{"background-color":"","background-image":"","background-repeat":"repeat","background-position":"center center","background-size":"auto","background-attachment":"scroll","background-type":"","background-media":"","overlay-type":"","overlay-color":"","overlay-opacity":"","overlay-gradient":""}},"ast-content-background-meta":{"desktop":{"background-color":"var(--ast-global-color-5)","background-image":"","background-repeat":"repeat","background-position":"center center","background-size":"auto","background-attachment":"scroll","background-type":"","background-media":"","overlay-type":"","overlay-color":"","overlay-opacity":"","overlay-gradient":""},"tablet":{"background-color":"var(--ast-global-color-5)","background-image":"","background-repeat":"repeat","background-position":"center center","background-size":"auto","background-attachment":"scroll","background-type":"","background-media":"","overlay-type":"","overlay-color":"","overlay-opacity":"","overlay-gradient":""},"mobile":{"background-color":"var(--ast-global-color-5)","background-image":"","background-repeat":"repeat","background-position":"center center","background-size":"auto","background-attachment":"scroll","background-type":"","background-media":"","overlay-type":"","overlay-color":"","overlay-opacity":"","overlay-gradient":""}},"footnotes":""},"class_list":["post-6424","page","type-page","status-publish","hentry"],"_links":{"self":[{"href":"https:\/\/shwett.com\/en\/wp-json\/wp\/v2\/pages\/6424","targetHints":{"allow":["GET"]}}],"collection":[{"href":"https:\/\/shwett.com\/en\/wp-json\/wp\/v2\/pages"}],"about":[{"href":"https:\/\/shwett.com\/en\/wp-json\/wp\/v2\/types\/page"}],"author":[{"embeddable":true,"href":"https:\/\/shwett.com\/en\/wp-json\/wp\/v2\/users\/4"}],"replies":[{"embeddable":true,"href":"https:\/\/shwett.com\/en\/wp-json\/wp\/v2\/comments?post=6424"}],"version-history":[{"count":122,"href":"https:\/\/shwett.com\/en\/wp-json\/wp\/v2\/pages\/6424\/revisions"}],"predecessor-version":[{"id":9565,"href":"https:\/\/shwett.com\/en\/wp-json\/wp\/v2\/pages\/6424\/revisions\/9565"}],"wp:attachment":[{"href":"https:\/\/shwett.com\/en\/wp-json\/wp\/v2\/media?parent=6424"}],"curies":[{"name":"wp","href":"https:\/\/api.w.org\/{rel}","templated":true}]}}