{"id":7244,"date":"2023-07-27T10:21:27","date_gmt":"2023-07-27T08:21:27","guid":{"rendered":"https:\/\/shwett.com\/?page_id=7244"},"modified":"2025-12-09T14:22:48","modified_gmt":"2025-12-09T13:22:48","slug":"cartographie-du-systeme-dinformations","status":"publish","type":"page","link":"https:\/\/shwett.com\/en\/cartographie-du-systeme-dinformations\/","title":{"rendered":"Cartographie du syst\u00e8me d&rsquo;informations"},"content":{"rendered":"<div data-elementor-type=\"wp-page\" data-elementor-id=\"7244\" class=\"elementor elementor-7244\" data-elementor-post-type=\"page\">\n\t\t\t\t<div class=\"elementor-element elementor-element-4880c8d4 e-flex e-con-boxed e-con e-parent\" data-id=\"4880c8d4\" data-element_type=\"container\" data-e-type=\"container\" data-settings=\"{&quot;background_background&quot;:&quot;classic&quot;}\">\n\t\t\t\t\t<div class=\"e-con-inner\">\n\t\t\t\t<div class=\"elementor-element elementor-element-13f6c88c animated-slow elementor-widget elementor-widget-heading\" data-id=\"13f6c88c\" data-element_type=\"widget\" data-e-type=\"widget\" data-settings=\"{&quot;_animation&quot;:&quot;none&quot;}\" data-widget_type=\"heading.default\">\n\t\t\t\t<div class=\"elementor-widget-container\">\n\t\t\t\t\t<h2 class=\"elementor-heading-title elementor-size-default\">Information system network modeling<\/h2>\t\t\t\t<\/div>\n\t\t\t\t<\/div>\n\t\t\t\t<div class=\"elementor-element elementor-element-32f93802 animated-slow elementor-widget elementor-widget-heading\" data-id=\"32f93802\" data-element_type=\"widget\" data-e-type=\"widget\" data-settings=\"{&quot;_animation&quot;:&quot;none&quot;}\" data-widget_type=\"heading.default\">\n\t\t\t\t<div class=\"elementor-widget-container\">\n\t\t\t\t\t<h1 class=\"elementor-heading-title elementor-size-default\">Network mapping<\/h1>\t\t\t\t<\/div>\n\t\t\t\t<\/div>\n\t\t\t\t<div class=\"elementor-element elementor-element-3de22a81 elementor-widget elementor-widget-text-editor\" data-id=\"3de22a81\" data-element_type=\"widget\" data-e-type=\"widget\" data-widget_type=\"text-editor.default\">\n\t\t\t\t<div class=\"elementor-widget-container\">\n\t\t\t\t\t\t\t\t\t<p>Information system (IS) mapping is an essential practice for any organization wishing to understand, control and effectively secure its IT environment.<\/p><p>By graphically visualizing all the assets, interactions and dependencies that make up their IS, companies can gain a clear, precise overview of their infrastructure.<\/p>\t\t\t\t\t\t\t\t<\/div>\n\t\t\t\t<\/div>\n\t\t\t\t<div class=\"elementor-element elementor-element-0330d2f elementor-widget elementor-widget-button\" data-id=\"0330d2f\" data-element_type=\"widget\" data-e-type=\"widget\" data-widget_type=\"button.default\">\n\t\t\t\t<div class=\"elementor-widget-container\">\n\t\t\t\t\t\t\t\t\t<div class=\"elementor-button-wrapper\">\n\t\t\t\t\t<a class=\"elementor-button elementor-button-link elementor-size-lg\" href=\"https:\/\/my.shwett.com\/cas\/login\" target=\"_blank\">\n\t\t\t\t\t\t<span class=\"elementor-button-content-wrapper\">\n\t\t\t\t\t\t\t\t\t<span class=\"elementor-button-text\">Create my 3D network map<\/span>\n\t\t\t\t\t<\/span>\n\t\t\t\t\t<\/a>\n\t\t\t\t<\/div>\n\t\t\t\t\t\t\t\t<\/div>\n\t\t\t\t<\/div>\n\t\t\t\t\t<\/div>\n\t\t\t\t<\/div>\n\t\t<div class=\"elementor-element elementor-element-11acd263 e-flex e-con-boxed e-con e-parent\" data-id=\"11acd263\" data-element_type=\"container\" data-e-type=\"container\" data-settings=\"{&quot;background_background&quot;:&quot;classic&quot;}\">\n\t\t\t\t\t<div class=\"e-con-inner\">\n\t\t<div class=\"elementor-element elementor-element-54ebe476 e-con-full e-flex e-con e-child\" data-id=\"54ebe476\" data-element_type=\"container\" data-e-type=\"container\">\n\t\t\t\t<div class=\"elementor-element elementor-element-b63b30a elementor-vertical-align-top elementor-widget elementor-widget-image-box\" data-id=\"b63b30a\" data-element_type=\"widget\" data-e-type=\"widget\" data-widget_type=\"image-box.default\">\n\t\t\t\t<div class=\"elementor-widget-container\">\n\t\t\t\t\t<div class=\"elementor-image-box-wrapper\"><div class=\"elementor-image-box-content\"><h2 class=\"elementor-image-box-title\">What is information system mapping?<\/h2><\/div><\/div>\t\t\t\t<\/div>\n\t\t\t\t<\/div>\n\t\t\t\t<div class=\"elementor-element elementor-element-2dd8fc29 elementor-widget elementor-widget-text-editor\" data-id=\"2dd8fc29\" data-element_type=\"widget\" data-e-type=\"widget\" data-widget_type=\"text-editor.default\">\n\t\t\t\t<div class=\"elementor-widget-container\">\n\t\t\t\t\t\t\t\t\t<p>Information system (IS) mapping is a detailed, graphical representation of all the components, interactions and dependencies that make up an organization's information system. It provides a complete overview and visualization of how the various IS elements interact with each other.<\/p>\t\t\t\t\t\t\t\t<\/div>\n\t\t\t\t<\/div>\n\t\t\t\t<div class=\"elementor-element elementor-element-597abf1 elementor-vertical-align-top elementor-widget elementor-widget-image-box\" data-id=\"597abf1\" data-element_type=\"widget\" data-e-type=\"widget\" data-widget_type=\"image-box.default\">\n\t\t\t\t<div class=\"elementor-widget-container\">\n\t\t\t\t\t<div class=\"elementor-image-box-wrapper\"><div class=\"elementor-image-box-content\"><h2 class=\"elementor-image-box-title\">why mapping your network?<\/h2><\/div><\/div>\t\t\t\t<\/div>\n\t\t\t\t<\/div>\n\t\t\t\t<\/div>\n\t\t\t\t\t<\/div>\n\t\t\t\t<\/div>\n\t\t<div class=\"elementor-element elementor-element-2de259a7 e-flex e-con-boxed e-con e-parent\" data-id=\"2de259a7\" data-element_type=\"container\" data-e-type=\"container\" data-settings=\"{&quot;background_background&quot;:&quot;classic&quot;}\">\n\t\t\t\t\t<div class=\"e-con-inner\">\n\t\t<div class=\"elementor-element elementor-element-1924cb02 e-con-full e-flex e-con e-child\" data-id=\"1924cb02\" data-element_type=\"container\" data-e-type=\"container\">\n\t\t\t\t<div class=\"elementor-element elementor-element-7f51a571 elementor-vertical-align-top elementor-widget elementor-widget-image-box\" data-id=\"7f51a571\" data-element_type=\"widget\" data-e-type=\"widget\" data-widget_type=\"image-box.default\">\n\t\t\t\t<div class=\"elementor-widget-container\">\n\t\t\t\t\t<div class=\"elementor-image-box-wrapper\"><div class=\"elementor-image-box-content\"><h3 class=\"elementor-image-box-title\">IS knowledge<\/h3><\/div><\/div>\t\t\t\t<\/div>\n\t\t\t\t<\/div>\n\t\t\t\t<div class=\"elementor-element elementor-element-26481467 elementor-widget elementor-widget-text-editor\" data-id=\"26481467\" data-element_type=\"widget\" data-e-type=\"widget\" data-widget_type=\"text-editor.default\">\n\t\t\t\t<div class=\"elementor-widget-container\">\n\t\t\t\t\t\t\t\t\t<p>If your IT infrastructure is spread over several sites or rooms, IS mapping will help you better understand and control your entire IT environment.<\/p>\t\t\t\t\t\t\t\t<\/div>\n\t\t\t\t<\/div>\n\t\t\t\t<\/div>\n\t\t<div class=\"elementor-element elementor-element-74cc4650 e-con-full e-flex e-con e-child\" data-id=\"74cc4650\" data-element_type=\"container\" data-e-type=\"container\">\n\t\t\t\t<div class=\"elementor-element elementor-element-41b85f41 elementor-vertical-align-top elementor-widget elementor-widget-image-box\" data-id=\"41b85f41\" data-element_type=\"widget\" data-e-type=\"widget\" data-widget_type=\"image-box.default\">\n\t\t\t\t<div class=\"elementor-widget-container\">\n\t\t\t\t\t<div class=\"elementor-image-box-wrapper\"><div class=\"elementor-image-box-content\"><h3 class=\"elementor-image-box-title\">inventory<\/h3><\/div><\/div>\t\t\t\t<\/div>\n\t\t\t\t<\/div>\n\t\t\t\t<div class=\"elementor-element elementor-element-5c626cb8 elementor-widget elementor-widget-text-editor\" data-id=\"5c626cb8\" data-element_type=\"widget\" data-e-type=\"widget\" data-widget_type=\"text-editor.default\">\n\t\t\t\t<div class=\"elementor-widget-container\">\n\t\t\t\t\t\t\t\t\t<p>IS mapping facilitates the management of your IT assets by listing all physical and virtual IT assets, such as servers, workstations, applications, databases and so on.<\/p>\t\t\t\t\t\t\t\t<\/div>\n\t\t\t\t<\/div>\n\t\t\t\t<\/div>\n\t\t\t\t\t<\/div>\n\t\t\t\t<\/div>\n\t\t<div class=\"elementor-element elementor-element-48e9b8ad e-flex e-con-boxed e-con e-parent\" data-id=\"48e9b8ad\" data-element_type=\"container\" data-e-type=\"container\" data-settings=\"{&quot;background_background&quot;:&quot;classic&quot;}\">\n\t\t\t\t\t<div class=\"e-con-inner\">\n\t\t<div class=\"elementor-element elementor-element-4ace26f9 e-con-full e-flex e-con e-child\" data-id=\"4ace26f9\" data-element_type=\"container\" data-e-type=\"container\">\n\t\t\t\t<div class=\"elementor-element elementor-element-5f170d1 elementor-vertical-align-top elementor-widget elementor-widget-image-box\" data-id=\"5f170d1\" data-element_type=\"widget\" data-e-type=\"widget\" data-widget_type=\"image-box.default\">\n\t\t\t\t<div class=\"elementor-widget-container\">\n\t\t\t\t\t<div class=\"elementor-image-box-wrapper\"><div class=\"elementor-image-box-content\"><h3 class=\"elementor-image-box-title\">SPOF detection<\/h3><\/div><\/div>\t\t\t\t<\/div>\n\t\t\t\t<\/div>\n\t\t\t\t<div class=\"elementor-element elementor-element-5a6fa891 elementor-widget elementor-widget-text-editor\" data-id=\"5a6fa891\" data-element_type=\"widget\" data-e-type=\"widget\" data-widget_type=\"text-editor.default\">\n\t\t\t\t<div class=\"elementor-widget-container\">\n\t\t\t\t\t\t\t\t\t<p>By identifying the dependencies and relationships between the various IS components, you can determine weak points and anticipate potential incidents or elements likely to be cascaded.<\/p><p>This allows you to strengthen the resilience of your IS.<\/p>\t\t\t\t\t\t\t\t<\/div>\n\t\t\t\t<\/div>\n\t\t\t\t<\/div>\n\t\t<div class=\"elementor-element elementor-element-30b9d3fc e-con-full e-flex e-con e-child\" data-id=\"30b9d3fc\" data-element_type=\"container\" data-e-type=\"container\">\n\t\t\t\t<div class=\"elementor-element elementor-element-3b0a25be elementor-vertical-align-top elementor-widget elementor-widget-image-box\" data-id=\"3b0a25be\" data-element_type=\"widget\" data-e-type=\"widget\" data-widget_type=\"image-box.default\">\n\t\t\t\t<div class=\"elementor-widget-container\">\n\t\t\t\t\t<div class=\"elementor-image-box-wrapper\"><div class=\"elementor-image-box-content\"><h3 class=\"elementor-image-box-title\">Security<\/h3><\/div><\/div>\t\t\t\t<\/div>\n\t\t\t\t<\/div>\n\t\t\t\t<div class=\"elementor-element elementor-element-3fbb3ebf elementor-widget elementor-widget-text-editor\" data-id=\"3fbb3ebf\" data-element_type=\"widget\" data-e-type=\"widget\" data-widget_type=\"text-editor.default\">\n\t\t\t\t<div class=\"elementor-widget-container\">\n\t\t\t\t\t\t\t\t\t<p>IS mapping helps you detect unknown or unauthorized elements in your network, facilitating early detection of intrusion attempts or malicious activity.<\/p>\t\t\t\t\t\t\t\t<\/div>\n\t\t\t\t<\/div>\n\t\t\t\t<\/div>\n\t\t\t\t\t<\/div>\n\t\t\t\t<\/div>\n\t\t<div class=\"elementor-element elementor-element-5462126 e-flex e-con-boxed e-con e-parent\" data-id=\"5462126\" data-element_type=\"container\" data-e-type=\"container\" data-settings=\"{&quot;background_background&quot;:&quot;classic&quot;}\">\n\t\t\t\t\t<div class=\"e-con-inner\">\n\t\t\t\t<div class=\"elementor-element elementor-element-82ca57d elementor-widget elementor-widget-heading\" data-id=\"82ca57d\" data-element_type=\"widget\" data-e-type=\"widget\" data-widget_type=\"heading.default\">\n\t\t\t\t<div class=\"elementor-widget-container\">\n\t\t\t\t\t<h2 class=\"elementor-heading-title elementor-size-default\">How do you build an IS map?<\/h2>\t\t\t\t<\/div>\n\t\t\t\t<\/div>\n\t\t\t\t<div class=\"elementor-element elementor-element-8c2a7c6 elementor-widget elementor-widget-heading\" data-id=\"8c2a7c6\" data-element_type=\"widget\" data-e-type=\"widget\" data-widget_type=\"heading.default\">\n\t\t\t\t<div class=\"elementor-widget-container\">\n\t\t\t\t\t<h3 class=\"elementor-heading-title elementor-size-default\">Starting an information system mapping project<\/h3>\t\t\t\t<\/div>\n\t\t\t\t<\/div>\n\t\t\t\t<div class=\"elementor-element elementor-element-b6c4bc0 elementor-widget elementor-widget-text-editor\" data-id=\"b6c4bc0\" data-element_type=\"widget\" data-e-type=\"widget\" data-widget_type=\"text-editor.default\">\n\t\t\t\t<div class=\"elementor-widget-container\">\n\t\t\t\t\t\t\t\t\t<p>To build an effective IS map, it's essential to clearly define the project and involve all relevant stakeholders. These stakeholders can include IT, infrastructure, applications and industry teams.<\/p><p>It's important to create a holistic view of the IS, while offering customized views to meet the specific needs of each team.<\/p><p>Define common objectives for the IS mapping project, as well as specific objectives for each team involved.<\/p>\t\t\t\t\t\t\t\t<\/div>\n\t\t\t\t<\/div>\n\t\t\t\t<div class=\"elementor-element elementor-element-3744fbd elementor-widget elementor-widget-heading\" data-id=\"3744fbd\" data-element_type=\"widget\" data-e-type=\"widget\" data-widget_type=\"heading.default\">\n\t\t\t\t<div class=\"elementor-widget-container\">\n\t\t\t\t\t<h3 class=\"elementor-heading-title elementor-size-default\">Choosing your network mapping solution<\/h3>\t\t\t\t<\/div>\n\t\t\t\t<\/div>\n\t\t\t\t<div class=\"elementor-element elementor-element-b43e4cf elementor-widget elementor-widget-text-editor\" data-id=\"b43e4cf\" data-element_type=\"widget\" data-e-type=\"widget\" data-widget_type=\"text-editor.default\">\n\t\t\t\t<div class=\"elementor-widget-container\">\n\t\t\t\t\t\t\t\t\t<p>There are a number of different solutions available for IS mapping. It is essential to choose a solution that offers a graphical representation that can be read by all the profiles involved.<\/p><p>The solution must be able to map both physical and virtual assets, provide detailed information on each element, identify dependencies between elements, track communication links (uplinks), and offer a logical view of the IS.<\/p>\t\t\t\t\t\t\t\t<\/div>\n\t\t\t\t<\/div>\n\t\t\t\t\t<\/div>\n\t\t\t\t<\/div>\n\t\t<div class=\"elementor-element elementor-element-6578f856 e-flex e-con-boxed e-con e-parent\" data-id=\"6578f856\" data-element_type=\"container\" data-e-type=\"container\" data-settings=\"{&quot;background_background&quot;:&quot;classic&quot;}\">\n\t\t\t\t\t<div class=\"e-con-inner\">\n\t\t\t\t<div class=\"elementor-element elementor-element-cea4051 elementor-widget elementor-widget-heading\" data-id=\"cea4051\" data-element_type=\"widget\" data-e-type=\"widget\" data-widget_type=\"heading.default\">\n\t\t\t\t<div class=\"elementor-widget-container\">\n\t\t\t\t\t<h3 class=\"elementor-heading-title elementor-size-default\">Mapping your IS with SHWETT<\/h3>\t\t\t\t<\/div>\n\t\t\t\t<\/div>\n\t\t\t\t<div class=\"elementor-element elementor-element-25637ca6 elementor-widget elementor-widget-text-editor\" data-id=\"25637ca6\" data-element_type=\"widget\" data-e-type=\"widget\" data-widget_type=\"text-editor.default\">\n\t\t\t\t<div class=\"elementor-widget-container\">\n\t\t\t\t\t\t\t\t\t<p>SHWETT is designed for both technical and decision-making IT teams. Its 3D mapping functionality provides a holistic, always up-to-date view of the information system:<\/p>\n<ul>\n<li>\n<p>Automatic: Shwett automates the mapping process by automatically retrieving essential information from your IS.<\/p>\n<\/li>\n<li>\n<p>Customizable: You can tailor the cartography to meet your organization's specific needs.<\/p>\n<\/li>\n<li>\n<p>Mise \u00e0 jour automatique : Shwett met \u00e0 jour la cartographie automatiquement, ce qui garantit que vous disposez toujours d&rsquo;informations \u00e0 jour sur votre SI.<\/p>\n<\/li>\n<\/ul>\n<p>By using Shwett, you can benefit from complete, accurate and easily accessible IS mapping, enabling you to better understand, control and secure your information system.<\/p>\t\t\t\t\t\t\t\t<\/div>\n\t\t\t\t<\/div>\n\t\t\t\t\t<\/div>\n\t\t\t\t<\/div>\n\t\t<div class=\"elementor-element elementor-element-339d1b28 e-con-full elementor-hidden-tablet elementor-hidden-mobile e-flex e-con e-parent\" data-id=\"339d1b28\" data-element_type=\"container\" data-e-type=\"container\">\n\t\t\t\t<div class=\"elementor-element elementor-element-1d5fd25d elementor-cta--layout-image-above elementor-cta--valign-middle elementor-cta--skin-classic elementor-animated-content elementor-bg-transform elementor-bg-transform-zoom-in elementor-widget elementor-widget-call-to-action\" data-id=\"1d5fd25d\" data-element_type=\"widget\" data-e-type=\"widget\" data-widget_type=\"call-to-action.default\">\n\t\t\t\t<div class=\"elementor-widget-container\">\n\t\t\t\t\t\t\t<div class=\"elementor-cta\">\n\t\t\t\t\t<div class=\"elementor-cta__bg-wrapper\">\n\t\t\t\t<div class=\"elementor-cta__bg elementor-bg\" style=\"background-image: url(https:\/\/shwett.com\/wp-content\/uploads\/2023\/06\/Quick-new-element.jpg);\" role=\"img\" aria-label=\"D\u00e9tection \u00e9l\u00e9ment par adresse IP sur le r\u00e9seau\"><\/div>\n\t\t\t\t<div class=\"elementor-cta__bg-overlay\"><\/div>\n\t\t\t<\/div>\n\t\t\t\t\t\t\t<div class=\"elementor-cta__content\">\n\t\t\t\t\n\t\t\t\t\t\t\t\t\t<h2 class=\"elementor-cta__title elementor-cta__content-item elementor-content-item\">\n\t\t\t\t\t\tCreate your own 3D cartography in 1 click\t\t\t\t\t<\/h2>\n\t\t\t\t\n\t\t\t\t\t\t\t\t\t<div class=\"elementor-cta__description elementor-cta__content-item elementor-content-item\">\n\t\t\t\t\t\tDeploy the SHWETT probe and start monitoring and managing your infrastructure from a unified 3D view.<br>Free 15-day trial period.\t\t\t\t\t<\/div>\n\t\t\t\t\n\t\t\t\t\t\t\t\t\t<div class=\"elementor-cta__button-wrapper elementor-cta__content-item elementor-content-item\">\n\t\t\t\t\t<a class=\"elementor-cta__button elementor-button elementor-size-\" href=\"https:\/\/my.shwett.com\/cas\/login\">\n\t\t\t\t\t\tStart your free trial\t\t\t\t\t<\/a>\n\t\t\t\t\t<\/div>\n\t\t\t\t\t\t\t<\/div>\n\t\t\t\t\t\t<\/div>\n\t\t\t\t\t\t<\/div>\n\t\t\t\t<\/div>\n\t\t\t\t<\/div>\n\t\t\t\t<\/div>","protected":false},"excerpt":{"rendered":"<p>Mod\u00e9lisation r\u00e9seau du syst\u00e8me d&rsquo;informations Cartographie informatique La cartographie du syst\u00e8me d&rsquo;informations (SI) est une pratique essentielle pour toute organisation souhaitant comprendre, ma\u00eetriser et s\u00e9curiser efficacement son environnement informatique. En visualisant de mani\u00e8re graphique l&rsquo;ensemble des actifs, des interactions et des d\u00e9pendances qui composent leur SI, les entreprises peuvent obtenir une vue d&rsquo;ensemble claire et [&hellip;]<\/p>","protected":false},"author":4,"featured_media":0,"parent":0,"menu_order":0,"comment_status":"closed","ping_status":"closed","template":"","meta":{"_seopress_robots_primary_cat":"","_seopress_titles_title":"Cartographie du syst\u00e8me d&#039;informations : guide complet et outils | Shwett","_seopress_titles_desc":"D\u00e9couvrez notre guide complet sur la cartographie du syst\u00e8me d&#039;informations. Apprenez l&#039;importance de visualiser la structure de votre SI et explorez les outils essentiels. Optimisez votre gestion informatique avec les conseils de Shwett.","_seopress_robots_index":"","site-sidebar-layout":"default","site-content-layout":"","ast-site-content-layout":"default","site-content-style":"default","site-sidebar-style":"default","ast-global-header-display":"","ast-banner-title-visibility":"","ast-main-header-display":"","ast-hfb-above-header-display":"","ast-hfb-below-header-display":"","ast-hfb-mobile-header-display":"","site-post-title":"","ast-breadcrumbs-content":"","ast-featured-img":"","footer-sml-layout":"","ast-disable-related-posts":"","theme-transparent-header-meta":"","adv-header-id-meta":"","stick-header-meta":"","header-above-stick-meta":"","header-main-stick-meta":"","header-below-stick-meta":"","astra-migrate-meta-layouts":"default","ast-page-background-enabled":"default","ast-page-background-meta":{"desktop":{"background-color":"var(--ast-global-color-4)","background-image":"","background-repeat":"repeat","background-position":"center center","background-size":"auto","background-attachment":"scroll","background-type":"","background-media":"","overlay-type":"","overlay-color":"","overlay-opacity":"","overlay-gradient":""},"tablet":{"background-color":"","background-image":"","background-repeat":"repeat","background-position":"center center","background-size":"auto","background-attachment":"scroll","background-type":"","background-media":"","overlay-type":"","overlay-color":"","overlay-opacity":"","overlay-gradient":""},"mobile":{"background-color":"","background-image":"","background-repeat":"repeat","background-position":"center center","background-size":"auto","background-attachment":"scroll","background-type":"","background-media":"","overlay-type":"","overlay-color":"","overlay-opacity":"","overlay-gradient":""}},"ast-content-background-meta":{"desktop":{"background-color":"var(--ast-global-color-5)","background-image":"","background-repeat":"repeat","background-position":"center center","background-size":"auto","background-attachment":"scroll","background-type":"","background-media":"","overlay-type":"","overlay-color":"","overlay-opacity":"","overlay-gradient":""},"tablet":{"background-color":"var(--ast-global-color-5)","background-image":"","background-repeat":"repeat","background-position":"center center","background-size":"auto","background-attachment":"scroll","background-type":"","background-media":"","overlay-type":"","overlay-color":"","overlay-opacity":"","overlay-gradient":""},"mobile":{"background-color":"var(--ast-global-color-5)","background-image":"","background-repeat":"repeat","background-position":"center center","background-size":"auto","background-attachment":"scroll","background-type":"","background-media":"","overlay-type":"","overlay-color":"","overlay-opacity":"","overlay-gradient":""}},"footnotes":""},"class_list":["post-7244","page","type-page","status-publish","hentry"],"_links":{"self":[{"href":"https:\/\/shwett.com\/en\/wp-json\/wp\/v2\/pages\/7244","targetHints":{"allow":["GET"]}}],"collection":[{"href":"https:\/\/shwett.com\/en\/wp-json\/wp\/v2\/pages"}],"about":[{"href":"https:\/\/shwett.com\/en\/wp-json\/wp\/v2\/types\/page"}],"author":[{"embeddable":true,"href":"https:\/\/shwett.com\/en\/wp-json\/wp\/v2\/users\/4"}],"replies":[{"embeddable":true,"href":"https:\/\/shwett.com\/en\/wp-json\/wp\/v2\/comments?post=7244"}],"version-history":[{"count":110,"href":"https:\/\/shwett.com\/en\/wp-json\/wp\/v2\/pages\/7244\/revisions"}],"predecessor-version":[{"id":9913,"href":"https:\/\/shwett.com\/en\/wp-json\/wp\/v2\/pages\/7244\/revisions\/9913"}],"wp:attachment":[{"href":"https:\/\/shwett.com\/en\/wp-json\/wp\/v2\/media?parent=7244"}],"curies":[{"name":"wp","href":"https:\/\/api.w.org\/{rel}","templated":true}]}}