{"id":7357,"date":"2023-07-27T16:29:31","date_gmt":"2023-07-27T14:29:31","guid":{"rendered":"https:\/\/shwett.com\/?page_id=7357"},"modified":"2025-06-24T16:33:59","modified_gmt":"2025-06-24T14:33:59","slug":"supervision-informatique-pour-les-dsi","status":"publish","type":"page","link":"https:\/\/shwett.com\/en\/supervision-informatique-pour-les-dsi\/","title":{"rendered":"IT supervision for CIOs"},"content":{"rendered":"<div data-elementor-type=\"wp-page\" data-elementor-id=\"7357\" class=\"elementor elementor-7357\" data-elementor-post-type=\"page\">\n\t\t\t\t<div class=\"elementor-element elementor-element-69a1be33 e-flex e-con-boxed e-con e-parent\" data-id=\"69a1be33\" data-element_type=\"container\" data-e-type=\"container\" data-settings=\"{&quot;background_background&quot;:&quot;classic&quot;}\">\n\t\t\t\t\t<div class=\"e-con-inner\">\n\t\t\t\t<div class=\"elementor-element elementor-element-4a9a9e7c animated-slow elementor-invisible elementor-widget elementor-widget-heading\" data-id=\"4a9a9e7c\" data-element_type=\"widget\" data-e-type=\"widget\" data-settings=\"{&quot;_animation&quot;:&quot;slideInUp&quot;}\" data-widget_type=\"heading.default\">\n\t\t\t\t<div class=\"elementor-widget-container\">\n\t\t\t\t\t<h2 class=\"elementor-heading-title elementor-size-default\">One-click IT mapping and supervision<\/h2>\t\t\t\t<\/div>\n\t\t\t\t<\/div>\n\t\t\t\t<div class=\"elementor-element elementor-element-1f6ccebb animated-slow elementor-invisible elementor-widget elementor-widget-heading\" data-id=\"1f6ccebb\" data-element_type=\"widget\" data-e-type=\"widget\" data-settings=\"{&quot;_animation&quot;:&quot;slideInUp&quot;}\" data-widget_type=\"heading.default\">\n\t\t\t\t<div class=\"elementor-widget-container\">\n\t\t\t\t\t<h1 class=\"elementor-heading-title elementor-size-default\">Supervision for CIOs<\/h1>\t\t\t\t<\/div>\n\t\t\t\t<\/div>\n\t\t\t\t<div class=\"elementor-element elementor-element-b41cf65 elementor-widget elementor-widget-text-editor\" data-id=\"b41cf65\" data-element_type=\"widget\" data-e-type=\"widget\" data-widget_type=\"text-editor.default\">\n\t\t\t\t<div class=\"elementor-widget-container\">\n\t\t\t\t\t\t\t\t\t<p>For a long time, IT supervision was seen as the exclusive playground of technical teams.<\/p><p>Thanks to recent technological advances in 3D mapping and supervision, Information Systems Managers (ISMs) can now discover a whole new world of possibilities.<\/p><p>3D mapping and supervision give CIOs a logical, interactive and always up-to-date view of their IT infrastructure, enabling a better understanding of their technological environment.<\/p>\t\t\t\t\t\t\t\t<\/div>\n\t\t\t\t<\/div>\n\t\t\t\t\t<\/div>\n\t\t\t\t<\/div>\n\t\t<div class=\"elementor-element elementor-element-5d97346 e-flex e-con-boxed e-con e-parent\" data-id=\"5d97346\" data-element_type=\"container\" data-e-type=\"container\">\n\t\t\t\t\t<div class=\"e-con-inner\">\n\t\t\t\t<div class=\"elementor-element elementor-element-e793ead elementor-widget elementor-widget-heading\" data-id=\"e793ead\" data-element_type=\"widget\" data-e-type=\"widget\" data-widget_type=\"heading.default\">\n\t\t\t\t<div class=\"elementor-widget-container\">\n\t\t\t\t\t<h2 class=\"elementor-heading-title elementor-size-default\">A new supervision experience<\/h2>\t\t\t\t<\/div>\n\t\t\t\t<\/div>\n\t\t\t\t<div class=\"elementor-element elementor-element-c7d970c elementor-widget elementor-widget-text-editor\" data-id=\"c7d970c\" data-element_type=\"widget\" data-e-type=\"widget\" data-widget_type=\"text-editor.default\">\n\t\t\t\t<div class=\"elementor-widget-container\">\n\t\t\t\t\t\t\t\t\t<p>Thanks to 3D network mapping and IT supervision, static diagrams and complex representations are a thing of the past. Now you have an always up-to-date visual representation of your network at your fingertips, enabling you to explore every site and room in your company in an instant. This 3D view gives you a clear understanding of your network topology, enabling you to easily identify potential congestion points and plan the necessary upgrades for an optimized infrastructure.<\/p>\t\t\t\t\t\t\t\t<\/div>\n\t\t\t\t<\/div>\n\t\t\t\t\t<\/div>\n\t\t\t\t<\/div>\n\t\t<div class=\"elementor-element elementor-element-940f57f e-flex e-con-boxed e-con e-parent\" data-id=\"940f57f\" data-element_type=\"container\" data-e-type=\"container\">\n\t\t\t\t\t<div class=\"e-con-inner\">\n\t\t<div class=\"elementor-element elementor-element-9536f8e e-con-full e-flex e-con e-child\" data-id=\"9536f8e\" data-element_type=\"container\" data-e-type=\"container\">\n\t\t\t\t<div class=\"elementor-element elementor-element-52c1801 elementor-widget elementor-widget-heading\" data-id=\"52c1801\" data-element_type=\"widget\" data-e-type=\"widget\" data-widget_type=\"heading.default\">\n\t\t\t\t<div class=\"elementor-widget-container\">\n\t\t\t\t\t<h2 class=\"elementor-heading-title elementor-size-default\">Unified supervision for all profiles<\/h2>\t\t\t\t<\/div>\n\t\t\t\t<\/div>\n\t\t\t\t<div class=\"elementor-element elementor-element-8f1c51d elementor-widget elementor-widget-text-editor\" data-id=\"8f1c51d\" data-element_type=\"widget\" data-e-type=\"widget\" data-widget_type=\"text-editor.default\">\n\t\t\t\t<div class=\"elementor-widget-container\">\n\t\t\t\t\t\t\t\t\t<p>Network mapping and 3D computer supervision are not just for technical experts. With this innovative approach, IT supervision becomes accessible to everyone. You can now share a logical, comprehensible view of your infrastructure with all stakeholders, whether technical or non-technical. Thanks to this intuitive 3D interface, everyone can easily navigate your IT environment, without getting lost in complex technical details. This facilitated interaction strengthens collaboration between teams, facilitates communication and ensures alignment with corporate objectives.<\/p>\t\t\t\t\t\t\t\t<\/div>\n\t\t\t\t<\/div>\n\t\t\t\t<\/div>\n\t\t<div class=\"elementor-element elementor-element-873c750 e-con-full e-flex e-con e-child\" data-id=\"873c750\" data-element_type=\"container\" data-e-type=\"container\">\n\t\t\t\t<div class=\"elementor-element elementor-element-050c980 elementor-widget elementor-widget-image\" data-id=\"050c980\" data-element_type=\"widget\" data-e-type=\"widget\" data-widget_type=\"image.default\">\n\t\t\t\t<div class=\"elementor-widget-container\">\n\t\t\t\t\t\t\t\t\t\t\t\t\t\t\t<img fetchpriority=\"high\" decoding=\"async\" width=\"1000\" height=\"738\" src=\"https:\/\/shwett.com\/wp-content\/uploads\/2023\/05\/Shwett-browser.png\" class=\"attachment-large size-large wp-image-6237\" alt=\"Cartographie 3D infrastructure informatique\" srcset=\"https:\/\/shwett.com\/wp-content\/uploads\/2023\/05\/Shwett-browser.png 1000w, https:\/\/shwett.com\/wp-content\/uploads\/2023\/05\/Shwett-browser-300x221.png 300w, https:\/\/shwett.com\/wp-content\/uploads\/2023\/05\/Shwett-browser-768x567.png 768w, https:\/\/shwett.com\/wp-content\/uploads\/2023\/05\/Shwett-browser-16x12.png 16w\" sizes=\"(max-width: 1000px) 100vw, 1000px\" \/>\t\t\t\t\t\t\t\t\t\t\t\t\t\t\t<\/div>\n\t\t\t\t<\/div>\n\t\t\t\t<\/div>\n\t\t\t\t\t<\/div>\n\t\t\t\t<\/div>\n\t\t<div class=\"elementor-element elementor-element-b4bf1d4 e-flex e-con-boxed e-con e-parent\" data-id=\"b4bf1d4\" data-element_type=\"container\" data-e-type=\"container\">\n\t\t\t\t\t<div class=\"e-con-inner\">\n\t\t\t\t<div class=\"elementor-element elementor-element-fa5c51c elementor-widget elementor-widget-heading\" data-id=\"fa5c51c\" data-element_type=\"widget\" data-e-type=\"widget\" data-widget_type=\"heading.default\">\n\t\t\t\t<div class=\"elementor-widget-container\">\n\t\t\t\t\t<h2 class=\"elementor-heading-title elementor-size-default\">Visual detection of weak points in the information system<\/h2>\t\t\t\t<\/div>\n\t\t\t\t<\/div>\n\t\t\t\t<div class=\"elementor-element elementor-element-9790fb1 elementor-widget elementor-widget-text-editor\" data-id=\"9790fb1\" data-element_type=\"widget\" data-e-type=\"widget\" data-widget_type=\"text-editor.default\">\n\t\t\t\t<div class=\"elementor-widget-container\">\n\t\t\t\t\t\t\t\t\t<p>Network mapping and 3D IT supervision are much more than simple visual representations. They offer CIOs a major advantage: the ability to visually detect weak points in the information system. You can zoom in on every element of your network and examine connections, servers, security equipment and much more in detail. This early detection enables you to quickly spot critical non-redundant elements, poorly optimized configurations or potential bottlenecks. You can then take corrective action before these problems turn into major incidents, ensuring maximum availability of your infrastructure.<\/p>\t\t\t\t\t\t\t\t<\/div>\n\t\t\t\t<\/div>\n\t\t\t\t\t<\/div>\n\t\t\t\t<\/div>\n\t\t<div class=\"elementor-element elementor-element-e6b0d7a e-flex e-con-boxed e-con e-parent\" data-id=\"e6b0d7a\" data-element_type=\"container\" data-e-type=\"container\">\n\t\t\t\t\t<div class=\"e-con-inner\">\n\t\t<div class=\"elementor-element elementor-element-171ad46 e-con-full e-flex e-con e-child\" data-id=\"171ad46\" data-element_type=\"container\" data-e-type=\"container\">\n\t\t\t\t<div class=\"elementor-element elementor-element-d9e5f03 elementor-widget elementor-widget-image\" data-id=\"d9e5f03\" data-element_type=\"widget\" data-e-type=\"widget\" data-widget_type=\"image.default\">\n\t\t\t\t<div class=\"elementor-widget-container\">\n\t\t\t\t\t\t\t\t\t\t\t\t\t\t\t<img decoding=\"async\" width=\"1000\" height=\"667\" src=\"https:\/\/shwett.com\/wp-content\/uploads\/2023\/05\/Navigateur-supervision-graphs.png\" class=\"attachment-large size-large wp-image-6240\" alt=\"Supervision infrastructure informatique\" srcset=\"https:\/\/shwett.com\/wp-content\/uploads\/2023\/05\/Navigateur-supervision-graphs.png 1000w, https:\/\/shwett.com\/wp-content\/uploads\/2023\/05\/Navigateur-supervision-graphs-300x200.png 300w, https:\/\/shwett.com\/wp-content\/uploads\/2023\/05\/Navigateur-supervision-graphs-768x512.png 768w, https:\/\/shwett.com\/wp-content\/uploads\/2023\/05\/Navigateur-supervision-graphs-18x12.png 18w\" sizes=\"(max-width: 1000px) 100vw, 1000px\" \/>\t\t\t\t\t\t\t\t\t\t\t\t\t\t\t<\/div>\n\t\t\t\t<\/div>\n\t\t\t\t<\/div>\n\t\t<div class=\"elementor-element elementor-element-55cced4 e-con-full e-flex e-con e-child\" data-id=\"55cced4\" data-element_type=\"container\" data-e-type=\"container\">\n\t\t\t\t<div class=\"elementor-element elementor-element-fd93d7f elementor-widget elementor-widget-heading\" data-id=\"fd93d7f\" data-element_type=\"widget\" data-e-type=\"widget\" data-widget_type=\"heading.default\">\n\t\t\t\t<div class=\"elementor-widget-container\">\n\t\t\t\t\t<h2 class=\"elementor-heading-title elementor-size-default\">Facilitating dialogue with operational teams<\/h2>\t\t\t\t<\/div>\n\t\t\t\t<\/div>\n\t\t\t\t<div class=\"elementor-element elementor-element-ee9e44e elementor-widget elementor-widget-text-editor\" data-id=\"ee9e44e\" data-element_type=\"widget\" data-e-type=\"widget\" data-widget_type=\"text-editor.default\">\n\t\t\t\t<div class=\"elementor-widget-container\">\n\t\t\t\t\t\t\t\t\t<p>3D computer supervision creates a new dimension of exchange with your technical teams. Thanks to this immersive visual representation, you can better understand their operational realities and grasp the technical issues at stake. This approach greatly facilitates communication and paves the way for constructive discussions on potential optimizations. You can share your observations on system performance, identify opportunities for improvement, and work closely with your technical operational teams to implement the best solutions.<\/p>\t\t\t\t\t\t\t\t<\/div>\n\t\t\t\t<\/div>\n\t\t\t\t<\/div>\n\t\t\t\t\t<\/div>\n\t\t\t\t<\/div>\n\t\t<div class=\"elementor-element elementor-element-2ab4c2d9 e-flex e-con-boxed e-con e-parent\" data-id=\"2ab4c2d9\" data-element_type=\"container\" data-e-type=\"container\" data-settings=\"{&quot;background_background&quot;:&quot;classic&quot;}\">\n\t\t\t\t\t<div class=\"e-con-inner\">\n\t\t\t\t<div class=\"elementor-element elementor-element-efd0cf6 elementor-widget elementor-widget-heading\" data-id=\"efd0cf6\" data-element_type=\"widget\" data-e-type=\"widget\" data-widget_type=\"heading.default\">\n\t\t\t\t<div class=\"elementor-widget-container\">\n\t\t\t\t\t<h2 class=\"elementor-heading-title elementor-size-default\">Adopt the new generation of IT supervision<\/h2>\t\t\t\t<\/div>\n\t\t\t\t<\/div>\n\t\t\t\t<div class=\"elementor-element elementor-element-5a1dc2e5 elementor-widget elementor-widget-text-editor\" data-id=\"5a1dc2e5\" data-element_type=\"widget\" data-e-type=\"widget\" data-widget_type=\"text-editor.default\">\n\t\t\t\t<div class=\"elementor-widget-container\">\n\t\t\t\t\t\t\t\t\t<p>Network mapping and 3D IT monitoring open up a new chapter in IT monitoring. You now have a logical, interactive and up-to-date view of your infrastructure, facilitating decision-making and ongoing optimization. Thanks to this innovative approach, you can explore your technology environment with unprecedented clarity and depth.<\/p><p>3D IT supervision and network mapping offer CIOs a new, immersive vision of their infrastructure. You can now know, understand and supervise your network in an unprecedented way. This approach facilitates collaboration with all stakeholders and enables early detection of weak points.<\/p>\t\t\t\t\t\t\t\t<\/div>\n\t\t\t\t<\/div>\n\t\t\t\t\t<\/div>\n\t\t\t\t<\/div>\n\t\t<div class=\"elementor-element elementor-element-42f7227b e-con-full elementor-hidden-tablet elementor-hidden-mobile e-flex e-con e-parent\" data-id=\"42f7227b\" data-element_type=\"container\" data-e-type=\"container\">\n\t\t\t\t<div class=\"elementor-element elementor-element-71809446 elementor-cta--layout-image-above elementor-cta--valign-middle elementor-cta--skin-classic elementor-animated-content elementor-bg-transform elementor-bg-transform-zoom-in elementor-widget elementor-widget-call-to-action\" data-id=\"71809446\" data-element_type=\"widget\" data-e-type=\"widget\" data-widget_type=\"call-to-action.default\">\n\t\t\t\t<div class=\"elementor-widget-container\">\n\t\t\t\t\t\t\t<div class=\"elementor-cta\">\n\t\t\t\t\t<div class=\"elementor-cta__bg-wrapper\">\n\t\t\t\t<div class=\"elementor-cta__bg elementor-bg\" style=\"background-image: url(https:\/\/shwett.com\/wp-content\/uploads\/2023\/06\/Quick-new-element.jpg);\" role=\"img\" aria-label=\"D\u00e9tection \u00e9l\u00e9ment par adresse IP sur le r\u00e9seau\"><\/div>\n\t\t\t\t<div class=\"elementor-cta__bg-overlay\"><\/div>\n\t\t\t<\/div>\n\t\t\t\t\t\t\t<div class=\"elementor-cta__content\">\n\t\t\t\t\n\t\t\t\t\t\t\t\t\t<h2 class=\"elementor-cta__title elementor-cta__content-item elementor-content-item\">\n\t\t\t\t\t\tCreate your own 3D cartography in 1 click\t\t\t\t\t<\/h2>\n\t\t\t\t\n\t\t\t\t\t\t\t\t\t<div class=\"elementor-cta__description elementor-cta__content-item elementor-content-item\">\n\t\t\t\t\t\tDeploy the SHWETT probe and start monitoring and managing your infrastructure from a unified 3D view.<br>Free 15-day trial period.\t\t\t\t\t<\/div>\n\t\t\t\t\n\t\t\t\t\t\t\t\t\t<div class=\"elementor-cta__button-wrapper elementor-cta__content-item elementor-content-item\">\n\t\t\t\t\t<a class=\"elementor-cta__button elementor-button elementor-size-\">\n\t\t\t\t\t\tStart your free trial\t\t\t\t\t<\/a>\n\t\t\t\t\t<\/div>\n\t\t\t\t\t\t\t<\/div>\n\t\t\t\t\t\t<\/div>\n\t\t\t\t\t\t<\/div>\n\t\t\t\t<\/div>\n\t\t\t\t<\/div>\n\t\t\t\t<\/div>","protected":false},"excerpt":{"rendered":"<p>Cartographie et supervision informatique one-click Supervision pour les DSI La supervision informatique a longtemps \u00e9t\u00e9 consid\u00e9r\u00e9e comme le terrain de jeu exclusif des \u00e9quipes techniques. Gr\u00e2ce aux avanc\u00e9es technologiques r\u00e9centes dans le domaine de la cartographie et de la supervision 3D, les Directeurs des Syst\u00e8mes d&rsquo;Information (DSI) peuvent d\u00e9sormais d\u00e9couvrir un nouvel univers de possibilit\u00e9s. [&hellip;]<\/p>","protected":false},"author":4,"featured_media":7837,"parent":0,"menu_order":0,"comment_status":"closed","ping_status":"closed","template":"","meta":{"_seopress_robots_primary_cat":"","_seopress_titles_title":"DSI : optimisez votre infrastructure","_seopress_titles_desc":"D\u00e9couvrez comment une supervision informatique efficace peut optimiser l'infrastructure de votre entreprise. Explorez les avantages sur Shwett.","_seopress_robots_index":"","site-sidebar-layout":"default","site-content-layout":"","ast-site-content-layout":"default","site-content-style":"default","site-sidebar-style":"default","ast-global-header-display":"","ast-banner-title-visibility":"","ast-main-header-display":"","ast-hfb-above-header-display":"","ast-hfb-below-header-display":"","ast-hfb-mobile-header-display":"","site-post-title":"","ast-breadcrumbs-content":"","ast-featured-img":"","footer-sml-layout":"","ast-disable-related-posts":"","theme-transparent-header-meta":"","adv-header-id-meta":"","stick-header-meta":"","header-above-stick-meta":"","header-main-stick-meta":"","header-below-stick-meta":"","astra-migrate-meta-layouts":"default","ast-page-background-enabled":"default","ast-page-background-meta":{"desktop":{"background-color":"var(--ast-global-color-4)","background-image":"","background-repeat":"repeat","background-position":"center center","background-size":"auto","background-attachment":"scroll","background-type":"","background-media":"","overlay-type":"","overlay-color":"","overlay-opacity":"","overlay-gradient":""},"tablet":{"background-color":"","background-image":"","background-repeat":"repeat","background-position":"center center","background-size":"auto","background-attachment":"scroll","background-type":"","background-media":"","overlay-type":"","overlay-color":"","overlay-opacity":"","overlay-gradient":""},"mobile":{"background-color":"","background-image":"","background-repeat":"repeat","background-position":"center center","background-size":"auto","background-attachment":"scroll","background-type":"","background-media":"","overlay-type":"","overlay-color":"","overlay-opacity":"","overlay-gradient":""}},"ast-content-background-meta":{"desktop":{"background-color":"var(--ast-global-color-5)","background-image":"","background-repeat":"repeat","background-position":"center center","background-size":"auto","background-attachment":"scroll","background-type":"","background-media":"","overlay-type":"","overlay-color":"","overlay-opacity":"","overlay-gradient":""},"tablet":{"background-color":"var(--ast-global-color-5)","background-image":"","background-repeat":"repeat","background-position":"center center","background-size":"auto","background-attachment":"scroll","background-type":"","background-media":"","overlay-type":"","overlay-color":"","overlay-opacity":"","overlay-gradient":""},"mobile":{"background-color":"var(--ast-global-color-5)","background-image":"","background-repeat":"repeat","background-position":"center center","background-size":"auto","background-attachment":"scroll","background-type":"","background-media":"","overlay-type":"","overlay-color":"","overlay-opacity":"","overlay-gradient":""}},"footnotes":""},"class_list":["post-7357","page","type-page","status-publish","has-post-thumbnail","hentry"],"_links":{"self":[{"href":"https:\/\/shwett.com\/en\/wp-json\/wp\/v2\/pages\/7357","targetHints":{"allow":["GET"]}}],"collection":[{"href":"https:\/\/shwett.com\/en\/wp-json\/wp\/v2\/pages"}],"about":[{"href":"https:\/\/shwett.com\/en\/wp-json\/wp\/v2\/types\/page"}],"author":[{"embeddable":true,"href":"https:\/\/shwett.com\/en\/wp-json\/wp\/v2\/users\/4"}],"replies":[{"embeddable":true,"href":"https:\/\/shwett.com\/en\/wp-json\/wp\/v2\/comments?post=7357"}],"version-history":[{"count":95,"href":"https:\/\/shwett.com\/en\/wp-json\/wp\/v2\/pages\/7357\/revisions"}],"predecessor-version":[{"id":9504,"href":"https:\/\/shwett.com\/en\/wp-json\/wp\/v2\/pages\/7357\/revisions\/9504"}],"wp:featuredmedia":[{"embeddable":true,"href":"https:\/\/shwett.com\/en\/wp-json\/wp\/v2\/media\/7837"}],"wp:attachment":[{"href":"https:\/\/shwett.com\/en\/wp-json\/wp\/v2\/media?parent=7357"}],"curies":[{"name":"wp","href":"https:\/\/api.w.org\/{rel}","templated":true}]}}