{"id":7657,"date":"2023-08-11T11:44:17","date_gmt":"2023-08-11T09:44:17","guid":{"rendered":"https:\/\/shwett.com\/?page_id=7657"},"modified":"2023-10-25T14:05:59","modified_gmt":"2023-10-25T12:05:59","slug":"dsi-comprendre-votre-systeme-dinformations-grace-a-la-3d","status":"publish","type":"page","link":"https:\/\/shwett.com\/en\/dsi-comprendre-votre-systeme-dinformations-grace-a-la-3d\/","title":{"rendered":"CIO: understanding your information system in 3D"},"content":{"rendered":"<div data-elementor-type=\"wp-page\" data-elementor-id=\"7657\" class=\"elementor elementor-7657\" data-elementor-post-type=\"page\">\n\t\t\t\t<div class=\"elementor-element elementor-element-634486fe e-flex e-con-boxed e-con e-parent\" data-id=\"634486fe\" data-element_type=\"container\" data-e-type=\"container\" data-settings=\"{&quot;background_background&quot;:&quot;classic&quot;}\">\n\t\t\t\t\t<div class=\"e-con-inner\">\n\t\t\t\t<div class=\"elementor-element elementor-element-3a821f13 animated-slow elementor-invisible elementor-widget elementor-widget-heading\" data-id=\"3a821f13\" data-element_type=\"widget\" data-e-type=\"widget\" data-settings=\"{&quot;_animation&quot;:&quot;slideInUp&quot;}\" data-widget_type=\"heading.default\">\n\t\t\t\t<div class=\"elementor-widget-container\">\n\t\t\t\t\t<h1 class=\"elementor-heading-title elementor-size-default\">CIO: understanding your information system in 3D<\/h1>\t\t\t\t<\/div>\n\t\t\t\t<\/div>\n\t\t\t\t<div class=\"elementor-element elementor-element-1c256211 animated-slow elementor-invisible elementor-widget elementor-widget-heading\" data-id=\"1c256211\" data-element_type=\"widget\" data-e-type=\"widget\" data-settings=\"{&quot;_animation&quot;:&quot;slideInUp&quot;}\" data-widget_type=\"heading.default\">\n\t\t\t\t<div class=\"elementor-widget-container\">\n\t\t\t\t\t<h2 class=\"elementor-heading-title elementor-size-default\">3D IT supervision for CIOs<\/h2>\t\t\t\t<\/div>\n\t\t\t\t<\/div>\n\t\t\t\t<div class=\"elementor-element elementor-element-103b9e60 elementor-widget elementor-widget-text-editor\" data-id=\"103b9e60\" data-element_type=\"widget\" data-e-type=\"widget\" data-widget_type=\"text-editor.default\">\n\t\t\t\t<div class=\"elementor-widget-container\">\n\t\t\t\t\t\t\t\t\t<p>In the ever-changing world of technology, corporate information systems (IS) have become increasingly complex to master and maintain. CIOs are faced with growing challenges, due in particular to the geographical dispersal of resources, poorly documented evolutions, the specific technical skills required for each IS element, and an increasingly complex network meshing.<\/p><p>However, IS management is imperative for CIOs, as it underpins the implementation of optimization and security projects, the management of technical teams and the presentation of accurate reports to senior management.<\/p>\t\t\t\t\t\t\t\t<\/div>\n\t\t\t\t<\/div>\n\t\t\t\t\t<\/div>\n\t\t\t\t<\/div>\n\t\t<div class=\"elementor-element elementor-element-3ee4d29 e-flex e-con-boxed e-con e-parent\" data-id=\"3ee4d29\" data-element_type=\"container\" data-e-type=\"container\">\n\t\t\t\t\t<div class=\"e-con-inner\">\n\t\t\t\t<div class=\"elementor-element elementor-element-2e1881c elementor-widget elementor-widget-heading\" data-id=\"2e1881c\" data-element_type=\"widget\" data-e-type=\"widget\" data-widget_type=\"heading.default\">\n\t\t\t\t<div class=\"elementor-widget-container\">\n\t\t\t\t\t<h2 class=\"elementor-heading-title elementor-size-default\">3D mapping: a comprehensive view of your IT infrastructure<\/h2>\t\t\t\t<\/div>\n\t\t\t\t<\/div>\n\t\t\t\t<div class=\"elementor-element elementor-element-b2ad979 elementor-widget elementor-widget-text-editor\" data-id=\"b2ad979\" data-element_type=\"widget\" data-e-type=\"widget\" data-widget_type=\"text-editor.default\">\n\t\t\t\t<div class=\"elementor-widget-container\">\n\t\t\t\t\t\t\t\t\t<p>3D mapping offers a completely new perspective on IT supervision for IT Departments. Imagine being able to explore your IS in three dimensions, virtually moving between different sites and rooms without leaving your desk. This visual representation makes it possible to model the IS in an understandable way, even without in-depth technical knowledge. This visualization provides a first level of analysis, enabling the visual detection of potential points of failure or optimization.<\/p>\t\t\t\t\t\t\t\t<\/div>\n\t\t\t\t<\/div>\n\t\t\t\t<div class=\"elementor-element elementor-element-4e26fe0 elementor-widget elementor-widget-heading\" data-id=\"4e26fe0\" data-element_type=\"widget\" data-e-type=\"widget\" data-widget_type=\"heading.default\">\n\t\t\t\t<div class=\"elementor-widget-container\">\n\t\t\t\t\t<h2 class=\"elementor-heading-title elementor-size-default\">Keeping cartography up to date<\/h2>\t\t\t\t<\/div>\n\t\t\t\t<\/div>\n\t\t\t\t<div class=\"elementor-element elementor-element-0eea39c elementor-widget elementor-widget-text-editor\" data-id=\"0eea39c\" data-element_type=\"widget\" data-e-type=\"widget\" data-widget_type=\"text-editor.default\">\n\t\t\t\t<div class=\"elementor-widget-container\">\n\t\t\t\t\t\t\t\t\t<p>Unlike traditional supervision solutions based on manual mapping, 3D mapping automatically detects and models IS elements and network topology. This approach eliminates the risks associated with non-real-time updating, limited completeness and potential errors. With a constantly up-to-date view of your infrastructure, you can make informed decisions based on accurate information.<\/p>\t\t\t\t\t\t\t\t<\/div>\n\t\t\t\t<\/div>\n\t\t\t\t<div class=\"elementor-element elementor-element-c7a18f7 elementor-widget elementor-widget-heading\" data-id=\"c7a18f7\" data-element_type=\"widget\" data-e-type=\"widget\" data-widget_type=\"heading.default\">\n\t\t\t\t<div class=\"elementor-widget-container\">\n\t\t\t\t\t<h2 class=\"elementor-heading-title elementor-size-default\">Facilitate interaction with all stakeholders<\/h2>\t\t\t\t<\/div>\n\t\t\t\t<\/div>\n\t\t\t\t<div class=\"elementor-element elementor-element-fcae710 elementor-widget elementor-widget-text-editor\" data-id=\"fcae710\" data-element_type=\"widget\" data-e-type=\"widget\" data-widget_type=\"text-editor.default\">\n\t\t\t\t<div class=\"elementor-widget-container\">\n\t\t\t\t\t\t\t\t\t<p>One of the key features of network mapping and 3D computer supervision is its accessibility. This innovative approach is no longer reserved for technical experts. You can now share a logical, comprehensible view of your infrastructure with all stakeholders, whether technical or non-technical.<\/p><p>The 3D interface simplifies navigation in the IT environment, avoiding the need to get lost in complex details. This fluid interaction strengthens collaboration between teams, facilitates communication and ensures that corporate objectives remain aligned.<\/p>\t\t\t\t\t\t\t\t<\/div>\n\t\t\t\t<\/div>\n\t\t\t\t<div class=\"elementor-element elementor-element-3558ae1 elementor-widget elementor-widget-heading\" data-id=\"3558ae1\" data-element_type=\"widget\" data-e-type=\"widget\" data-widget_type=\"heading.default\">\n\t\t\t\t<div class=\"elementor-widget-container\">\n\t\t\t\t\t<h2 class=\"elementor-heading-title elementor-size-default\">Visually detect weak points to enhance infrastructure security<\/h2>\t\t\t\t<\/div>\n\t\t\t\t<\/div>\n\t\t\t\t<div class=\"elementor-element elementor-element-f8d6f5e elementor-widget elementor-widget-text-editor\" data-id=\"f8d6f5e\" data-element_type=\"widget\" data-e-type=\"widget\" data-widget_type=\"text-editor.default\">\n\t\t\t\t<div class=\"elementor-widget-container\">\n\t\t\t\t\t\t\t\t\t<p>Network mapping and 3D IT monitoring are much more than three-dimensional images. They offer CIOs a key advantage: the ability to visually detect weak points in the information system. You can zoom in on every component of your network, analyzing connections, servers, security equipment and much more in detail. This early detection enables you to quickly identify critical non-redundant elements, sub-optimal configurations and potential bottlenecks.<\/p><p>This enables you to implement corrective measures before problems become major incidents, ensuring maximum availability of your infrastructure.<\/p>\t\t\t\t\t\t\t\t<\/div>\n\t\t\t\t<\/div>\n\t\t\t\t<div class=\"elementor-element elementor-element-b04cbec elementor-widget elementor-widget-heading\" data-id=\"b04cbec\" data-element_type=\"widget\" data-e-type=\"widget\" data-widget_type=\"heading.default\">\n\t\t\t\t<div class=\"elementor-widget-container\">\n\t\t\t\t\t<h2 class=\"elementor-heading-title elementor-size-default\">Strengthen dialogue with your technical teams<\/h2>\t\t\t\t<\/div>\n\t\t\t\t<\/div>\n\t\t\t\t<div class=\"elementor-element elementor-element-5f895ba elementor-widget elementor-widget-text-editor\" data-id=\"5f895ba\" data-element_type=\"widget\" data-e-type=\"widget\" data-widget_type=\"text-editor.default\">\n\t\t\t\t<div class=\"elementor-widget-container\">\n\t\t\t\t\t\t\t\t\t<p>3D computer supervision opens up new opportunities for communication with your technical teams. Thanks to this immersive visual representation, you can better grasp operational realities and understand the technical challenges facing your teams.<\/p><p>This approach greatly facilitates communication and encourages fruitful discussions on possible optimizations. You can share your observations on system performance, identify opportunities for improvement, and work closely with technical experts to implement the best solutions.<\/p>\t\t\t\t\t\t\t\t<\/div>\n\t\t\t\t<\/div>\n\t\t\t\t\t<\/div>\n\t\t\t\t<\/div>\n\t\t<div class=\"elementor-element elementor-element-49aa39aa e-flex e-con-boxed e-con e-parent\" data-id=\"49aa39aa\" data-element_type=\"container\" data-e-type=\"container\" data-settings=\"{&quot;background_background&quot;:&quot;classic&quot;}\">\n\t\t\t\t\t<div class=\"e-con-inner\">\n\t\t\t\t<div class=\"elementor-element elementor-element-2c26c257 elementor-widget elementor-widget-text-editor\" data-id=\"2c26c257\" data-element_type=\"widget\" data-e-type=\"widget\" data-widget_type=\"text-editor.default\">\n\t\t\t\t<div class=\"elementor-widget-container\">\n\t\t\t\t\t\t\t\t\t<p>3D IT supervision and network mapping open up new perspectives for CIOs, enabling them to know, understand and supervise their infrastructure in a way never before possible. This approach fosters collaboration with all stakeholders and enables early detection of points of vulnerability. So, take the plunge and discover a world of possibilities that will help you consolidate the stability of your infrastructure for a promising future.<\/p><p>3D mapping transforms complexity into clarity, putting the power of understanding in your hands - the hands of the visionary CIO.<\/p>\t\t\t\t\t\t\t\t<\/div>\n\t\t\t\t<\/div>\n\t\t\t\t\t<\/div>\n\t\t\t\t<\/div>\n\t\t<div class=\"elementor-element elementor-element-359e442 e-con-full elementor-hidden-tablet elementor-hidden-mobile e-flex e-con e-parent\" data-id=\"359e442\" data-element_type=\"container\" data-e-type=\"container\">\n\t\t\t\t<div class=\"elementor-element elementor-element-6e4f1b71 elementor-cta--layout-image-above elementor-cta--valign-middle elementor-cta--skin-classic elementor-animated-content elementor-bg-transform elementor-bg-transform-zoom-in elementor-widget elementor-widget-call-to-action\" data-id=\"6e4f1b71\" data-element_type=\"widget\" data-e-type=\"widget\" data-widget_type=\"call-to-action.default\">\n\t\t\t\t<div class=\"elementor-widget-container\">\n\t\t\t\t\t\t\t<div class=\"elementor-cta\">\n\t\t\t\t\t<div class=\"elementor-cta__bg-wrapper\">\n\t\t\t\t<div class=\"elementor-cta__bg elementor-bg\" style=\"background-image: url(https:\/\/shwett.com\/wp-content\/uploads\/2023\/06\/Quick-new-element.jpg);\" role=\"img\" aria-label=\"D\u00e9tection \u00e9l\u00e9ment par adresse IP sur le r\u00e9seau\"><\/div>\n\t\t\t\t<div class=\"elementor-cta__bg-overlay\"><\/div>\n\t\t\t<\/div>\n\t\t\t\t\t\t\t<div class=\"elementor-cta__content\">\n\t\t\t\t\n\t\t\t\t\t\t\t\t\t<h2 class=\"elementor-cta__title elementor-cta__content-item elementor-content-item\">\n\t\t\t\t\t\tCreate your own 3D cartography in 1 click\t\t\t\t\t<\/h2>\n\t\t\t\t\n\t\t\t\t\t\t\t\t\t<div class=\"elementor-cta__description elementor-cta__content-item elementor-content-item\">\n\t\t\t\t\t\tDeploy the SHWETT probe and start monitoring and managing your infrastructure from a unified 3D view.<br>Free 15-day trial period.\t\t\t\t\t<\/div>\n\t\t\t\t\n\t\t\t\t\t\t\t\t\t<div class=\"elementor-cta__button-wrapper elementor-cta__content-item elementor-content-item\">\n\t\t\t\t\t<a class=\"elementor-cta__button elementor-button elementor-size-\">\n\t\t\t\t\t\tStart your free trial\t\t\t\t\t<\/a>\n\t\t\t\t\t<\/div>\n\t\t\t\t\t\t\t<\/div>\n\t\t\t\t\t\t<\/div>\n\t\t\t\t\t\t<\/div>\n\t\t\t\t<\/div>\n\t\t\t\t<\/div>\n\t\t\t\t<\/div>","protected":false},"excerpt":{"rendered":"<p>DSI : comprendre votre syst\u00e8me d&rsquo;informations gr\u00e2ce \u00e0 la 3D Supervision informatique 3D pour les DSI Dans l&rsquo;univers en constante \u00e9volution de la technologie, les syst\u00e8mes d&rsquo;informations (SI) des entreprises sont devenus de plus en plus complexes \u00e0 ma\u00eetriser et \u00e0 maintenir. Les DSI sont confront\u00e9s \u00e0 des d\u00e9fis croissants, notamment en raison de l&rsquo;\u00e9clatement [&hellip;]<\/p>","protected":false},"author":4,"featured_media":7798,"parent":0,"menu_order":0,"comment_status":"closed","ping_status":"closed","template":"","meta":{"_seopress_robots_primary_cat":"","_seopress_titles_title":"Comprendre votre syst\u00e8me d&#039;informations gr\u00e2ce \u00e0 la 3D | Shwett","_seopress_titles_desc":"D\u00e9couvrez comment la visualisation en 3D peut aider les DSI \u00e0 mieux comprendre leur syst\u00e8me d&#039;informations. Explorez les avantages de cette approche novatrice sur Shwett.","_seopress_robots_index":"","site-sidebar-layout":"default","site-content-layout":"","ast-site-content-layout":"default","site-content-style":"default","site-sidebar-style":"default","ast-global-header-display":"","ast-banner-title-visibility":"","ast-main-header-display":"","ast-hfb-above-header-display":"","ast-hfb-below-header-display":"","ast-hfb-mobile-header-display":"","site-post-title":"","ast-breadcrumbs-content":"","ast-featured-img":"","footer-sml-layout":"","ast-disable-related-posts":"","theme-transparent-header-meta":"","adv-header-id-meta":"","stick-header-meta":"","header-above-stick-meta":"","header-main-stick-meta":"","header-below-stick-meta":"","astra-migrate-meta-layouts":"default","ast-page-background-enabled":"default","ast-page-background-meta":{"desktop":{"background-color":"var(--ast-global-color-4)","background-image":"","background-repeat":"repeat","background-position":"center center","background-size":"auto","background-attachment":"scroll","background-type":"","background-media":"","overlay-type":"","overlay-color":"","overlay-opacity":"","overlay-gradient":""},"tablet":{"background-color":"","background-image":"","background-repeat":"repeat","background-position":"center center","background-size":"auto","background-attachment":"scroll","background-type":"","background-media":"","overlay-type":"","overlay-color":"","overlay-opacity":"","overlay-gradient":""},"mobile":{"background-color":"","background-image":"","background-repeat":"repeat","background-position":"center center","background-size":"auto","background-attachment":"scroll","background-type":"","background-media":"","overlay-type":"","overlay-color":"","overlay-opacity":"","overlay-gradient":""}},"ast-content-background-meta":{"desktop":{"background-color":"var(--ast-global-color-5)","background-image":"","background-repeat":"repeat","background-position":"center center","background-size":"auto","background-attachment":"scroll","background-type":"","background-media":"","overlay-type":"","overlay-color":"","overlay-opacity":"","overlay-gradient":""},"tablet":{"background-color":"var(--ast-global-color-5)","background-image":"","background-repeat":"repeat","background-position":"center center","background-size":"auto","background-attachment":"scroll","background-type":"","background-media":"","overlay-type":"","overlay-color":"","overlay-opacity":"","overlay-gradient":""},"mobile":{"background-color":"var(--ast-global-color-5)","background-image":"","background-repeat":"repeat","background-position":"center center","background-size":"auto","background-attachment":"scroll","background-type":"","background-media":"","overlay-type":"","overlay-color":"","overlay-opacity":"","overlay-gradient":""}},"footnotes":""},"class_list":["post-7657","page","type-page","status-publish","has-post-thumbnail","hentry"],"_links":{"self":[{"href":"https:\/\/shwett.com\/en\/wp-json\/wp\/v2\/pages\/7657","targetHints":{"allow":["GET"]}}],"collection":[{"href":"https:\/\/shwett.com\/en\/wp-json\/wp\/v2\/pages"}],"about":[{"href":"https:\/\/shwett.com\/en\/wp-json\/wp\/v2\/types\/page"}],"author":[{"embeddable":true,"href":"https:\/\/shwett.com\/en\/wp-json\/wp\/v2\/users\/4"}],"replies":[{"embeddable":true,"href":"https:\/\/shwett.com\/en\/wp-json\/wp\/v2\/comments?post=7657"}],"version-history":[{"count":32,"href":"https:\/\/shwett.com\/en\/wp-json\/wp\/v2\/pages\/7657\/revisions"}],"predecessor-version":[{"id":9005,"href":"https:\/\/shwett.com\/en\/wp-json\/wp\/v2\/pages\/7657\/revisions\/9005"}],"wp:featuredmedia":[{"embeddable":true,"href":"https:\/\/shwett.com\/en\/wp-json\/wp\/v2\/media\/7798"}],"wp:attachment":[{"href":"https:\/\/shwett.com\/en\/wp-json\/wp\/v2\/media?parent=7657"}],"curies":[{"name":"wp","href":"https:\/\/api.w.org\/{rel}","templated":true}]}}