{"id":7688,"date":"2023-08-11T16:27:21","date_gmt":"2023-08-11T14:27:21","guid":{"rendered":"https:\/\/shwett.com\/?page_id=7688"},"modified":"2023-08-21T12:21:12","modified_gmt":"2023-08-21T10:21:12","slug":"dossiers-thematiques-supervision-dsi","status":"publish","type":"page","link":"https:\/\/shwett.com\/en\/dossiers-thematiques-supervision-dsi\/","title":{"rendered":"Dossiers th\u00e9matiques supervision DSI"},"content":{"rendered":"<div data-elementor-type=\"wp-page\" data-elementor-id=\"7688\" class=\"elementor elementor-7688\" data-elementor-post-type=\"page\">\n\t\t\t\t<div class=\"elementor-element elementor-element-3063d9b5 e-flex e-con-boxed e-con e-parent\" data-id=\"3063d9b5\" data-element_type=\"container\" data-e-type=\"container\" data-settings=\"{&quot;background_background&quot;:&quot;classic&quot;}\">\n\t\t\t\t\t<div class=\"e-con-inner\">\n\t\t\t\t<div class=\"elementor-element elementor-element-76a9f081 animated-slow elementor-invisible elementor-widget elementor-widget-heading\" data-id=\"76a9f081\" data-element_type=\"widget\" data-e-type=\"widget\" data-settings=\"{&quot;_animation&quot;:&quot;slideInUp&quot;}\" data-widget_type=\"heading.default\">\n\t\t\t\t<div class=\"elementor-widget-container\">\n\t\t\t\t\t<h1 class=\"elementor-heading-title elementor-size-default\">Thematic files on supervision for CIOs<\/h1>\t\t\t\t<\/div>\n\t\t\t\t<\/div>\n\t\t\t\t<div class=\"elementor-element elementor-element-25245afd animated-slow elementor-invisible elementor-widget elementor-widget-heading\" data-id=\"25245afd\" data-element_type=\"widget\" data-e-type=\"widget\" data-settings=\"{&quot;_animation&quot;:&quot;slideInUp&quot;}\" data-widget_type=\"heading.default\">\n\t\t\t\t<div class=\"elementor-widget-container\">\n\t\t\t\t\t<h2 class=\"elementor-heading-title elementor-size-default\">Supervision tailored to the needs of CIOs<\/h2>\t\t\t\t<\/div>\n\t\t\t\t<\/div>\n\t\t\t\t<div class=\"elementor-element elementor-element-7613246c elementor-widget elementor-widget-text-editor\" data-id=\"7613246c\" data-element_type=\"widget\" data-e-type=\"widget\" data-widget_type=\"text-editor.default\">\n\t\t\t\t<div class=\"elementor-widget-container\">\n\t\t\t\t\t\t\t\t\t<p>For years, IT mapping and monitoring was a domain reserved for technical profiles. This was due to two major obstacles: the inherent complexity of deploying legacy solutions, and the lack of clarity and intuitiveness of traditional supervision tools.<\/p><p>The laborious set-up, tedious technical adjustments and lack of intuitiveness discouraged the uninitiated, contributing to a gulf between technical teams and decision-makers.<\/p><p>However, change is underway. As guarantors of the global strategy for building, optimizing and securing information systems, CIOs need to be in a position to make informed decisions.<\/p><p>CIOs also need to be able to communicate effectively with their technical teams. A common, reliable basis is therefore needed to facilitate exchanges, and ensure that the strategic vision is implemented consistently.<\/p><p>As pivotal players within their companies, CIOs need to be able to rely on their mapping and monitoring solution to translate complex technical concepts into information that non-technical decision-makers can understand, in order to justify investments and demonstrate the positive impact on overall corporate objectives.<\/p>\t\t\t\t\t\t\t\t<\/div>\n\t\t\t\t<\/div>\n\t\t\t\t\t<\/div>\n\t\t\t\t<\/div>\n\t\t<div class=\"elementor-element elementor-element-a0de402 e-flex e-con-boxed e-con e-parent\" data-id=\"a0de402\" data-element_type=\"container\" data-e-type=\"container\">\n\t\t\t\t\t<div class=\"e-con-inner\">\n\t\t\t\t<div class=\"elementor-element elementor-element-502722d elementor-grid-3 elementor-grid-tablet-2 elementor-grid-mobile-1 elementor-posts--thumbnail-top elementor-card-shadow-yes elementor-posts__hover-gradient elementor-widget elementor-widget-posts\" data-id=\"502722d\" data-element_type=\"widget\" data-e-type=\"widget\" data-settings=\"{&quot;cards_columns&quot;:&quot;3&quot;,&quot;cards_columns_tablet&quot;:&quot;2&quot;,&quot;cards_columns_mobile&quot;:&quot;1&quot;,&quot;cards_row_gap&quot;:{&quot;unit&quot;:&quot;px&quot;,&quot;size&quot;:35,&quot;sizes&quot;:[]},&quot;cards_row_gap_tablet&quot;:{&quot;unit&quot;:&quot;px&quot;,&quot;size&quot;:&quot;&quot;,&quot;sizes&quot;:[]},&quot;cards_row_gap_mobile&quot;:{&quot;unit&quot;:&quot;px&quot;,&quot;size&quot;:&quot;&quot;,&quot;sizes&quot;:[]}}\" data-widget_type=\"posts.cards\">\n\t\t\t\t<div class=\"elementor-widget-container\">\n\t\t\t\t\t\t\t<div class=\"elementor-posts-container elementor-posts elementor-posts--skin-cards elementor-grid\" role=\"list\">\n\t\t\t\t<article class=\"elementor-post elementor-grid-item post-7657 page type-page status-publish has-post-thumbnail hentry\" role=\"listitem\">\n\t\t\t<div class=\"elementor-post__card\">\n\t\t\t\t<a class=\"elementor-post__thumbnail__link\" href=\"https:\/\/shwett.com\/en\/dsi-comprendre-votre-systeme-dinformations-grace-a-la-3d\/\" tabindex=\"-1\" target=\"_blank\"><div class=\"elementor-post__thumbnail\"><img fetchpriority=\"high\" decoding=\"async\" width=\"300\" height=\"200\" src=\"https:\/\/shwett.com\/wp-content\/uploads\/2023\/08\/mar7-outline-11-300x200.jpg\" class=\"attachment-medium size-medium wp-image-7798\" alt=\"\" srcset=\"https:\/\/shwett.com\/wp-content\/uploads\/2023\/08\/mar7-outline-11-300x200.jpg 300w, https:\/\/shwett.com\/wp-content\/uploads\/2023\/08\/mar7-outline-11-1024x682.jpg 1024w, https:\/\/shwett.com\/wp-content\/uploads\/2023\/08\/mar7-outline-11-768x512.jpg 768w, https:\/\/shwett.com\/wp-content\/uploads\/2023\/08\/mar7-outline-11-18x12.jpg 18w, https:\/\/shwett.com\/wp-content\/uploads\/2023\/08\/mar7-outline-11.jpg 1400w\" sizes=\"(max-width: 300px) 100vw, 300px\" \/><\/div><\/a>\n\t\t\t\t<div class=\"elementor-post__text\">\n\t\t\t\t<h3 class=\"elementor-post__title\">\n\t\t\t<a href=\"https:\/\/shwett.com\/en\/dsi-comprendre-votre-systeme-dinformations-grace-a-la-3d\/\" target=\"&quot;_blank&quot;\">\n\t\t\t\tCIO: understanding your information system in 3D\t\t\t<\/a>\n\t\t<\/h3>\n\t\t\t\t<div class=\"elementor-post__excerpt\">\n\t\t\t<p>In the ever-changing world of technology, corporate information systems (IS) have become increasingly complex to master and maintain. CIOs are faced with growing challenges, due in particular to the geographical dispersal of resources, poorly documented evolutions, the specific technical skills required for each IS element, and an increasingly complex network meshing.<\/p>\n\t\t<\/div>\n\t\t\n\t\t<a class=\"elementor-post__read-more\" href=\"https:\/\/shwett.com\/en\/dsi-comprendre-votre-systeme-dinformations-grace-a-la-3d\/\" aria-label=\"Read more about DSI : comprendre votre syst\u00e8me d&rsquo;informations gr\u00e2ce \u00e0 la 3D\" tabindex=\"-1\" target=\"_blank\">\n\t\t\tRead the guide\t\t<\/a>\n\n\t\t\t\t<\/div>\n\t\t\t\t\t<\/div>\n\t\t<\/article>\n\t\t\t\t<article class=\"elementor-post elementor-grid-item post-7617 page type-page status-publish has-post-thumbnail hentry\" role=\"listitem\">\n\t\t\t<div class=\"elementor-post__card\">\n\t\t\t\t<a class=\"elementor-post__thumbnail__link\" href=\"https:\/\/shwett.com\/en\/pra-pca-pourquoi-integrer-la-supervision-a-sa-strategie\/\" tabindex=\"-1\" target=\"_blank\"><div class=\"elementor-post__thumbnail\"><img decoding=\"async\" width=\"300\" height=\"200\" src=\"https:\/\/shwett.com\/wp-content\/uploads\/2023\/08\/mar11-outline-01-300x200.jpg\" class=\"attachment-medium size-medium wp-image-7802\" alt=\"\" srcset=\"https:\/\/shwett.com\/wp-content\/uploads\/2023\/08\/mar11-outline-01-300x200.jpg 300w, https:\/\/shwett.com\/wp-content\/uploads\/2023\/08\/mar11-outline-01-1024x682.jpg 1024w, https:\/\/shwett.com\/wp-content\/uploads\/2023\/08\/mar11-outline-01-768x512.jpg 768w, https:\/\/shwett.com\/wp-content\/uploads\/2023\/08\/mar11-outline-01-18x12.jpg 18w, https:\/\/shwett.com\/wp-content\/uploads\/2023\/08\/mar11-outline-01.jpg 1400w\" sizes=\"(max-width: 300px) 100vw, 300px\" \/><\/div><\/a>\n\t\t\t\t<div class=\"elementor-post__text\">\n\t\t\t\t<h3 class=\"elementor-post__title\">\n\t\t\t<a href=\"https:\/\/shwett.com\/en\/pra-pca-pourquoi-integrer-la-supervision-a-sa-strategie\/\" target=\"&quot;_blank&quot;\">\n\t\t\t\tBusiness continuity: why you should integrate supervision into your strategy?\t\t\t<\/a>\n\t\t<\/h3>\n\t\t\t\t<div class=\"elementor-post__excerpt\">\n\t\t\t<p>In the digital age, companies rely heavily on their IT infrastructure to support critical operations and deliver products and services to their customers. Any disruption or unavailability of IT systems can have serious consequences, leading to financial loss, reputational damage and customer dissatisfaction. This is where the importance of IT monitoring for business continuity becomes clear.<\/p>\n\t\t<\/div>\n\t\t\n\t\t<a class=\"elementor-post__read-more\" href=\"https:\/\/shwett.com\/en\/pra-pca-pourquoi-integrer-la-supervision-a-sa-strategie\/\" aria-label=\"Read more about PRA\/PCA : pourquoi int\u00e9grer la supervision \u00e0 sa strat\u00e9gie ?\" tabindex=\"-1\" target=\"_blank\">\n\t\t\tRead the guide\t\t<\/a>\n\n\t\t\t\t<\/div>\n\t\t\t\t\t<\/div>\n\t\t<\/article>\n\t\t\t\t<article class=\"elementor-post elementor-grid-item post-7579 page type-page status-publish has-post-thumbnail hentry\" role=\"listitem\">\n\t\t\t<div class=\"elementor-post__card\">\n\t\t\t\t<a class=\"elementor-post__thumbnail__link\" href=\"https:\/\/shwett.com\/en\/dsi-comment-evaluer-le-tco-de-votre-solution-de-supervision\/\" tabindex=\"-1\" target=\"_blank\"><div class=\"elementor-post__thumbnail\"><img decoding=\"async\" width=\"300\" height=\"200\" src=\"https:\/\/shwett.com\/wp-content\/uploads\/2023\/08\/supervision-informatique-tco-300x200.jpg\" class=\"attachment-medium size-medium wp-image-7810\" alt=\"\" srcset=\"https:\/\/shwett.com\/wp-content\/uploads\/2023\/08\/supervision-informatique-tco-300x200.jpg 300w, https:\/\/shwett.com\/wp-content\/uploads\/2023\/08\/supervision-informatique-tco-1024x682.jpg 1024w, https:\/\/shwett.com\/wp-content\/uploads\/2023\/08\/supervision-informatique-tco-768x512.jpg 768w, https:\/\/shwett.com\/wp-content\/uploads\/2023\/08\/supervision-informatique-tco-18x12.jpg 18w, https:\/\/shwett.com\/wp-content\/uploads\/2023\/08\/supervision-informatique-tco.jpg 1400w\" sizes=\"(max-width: 300px) 100vw, 300px\" \/><\/div><\/a>\n\t\t\t\t<div class=\"elementor-post__text\">\n\t\t\t\t<h3 class=\"elementor-post__title\">\n\t\t\t<a href=\"https:\/\/shwett.com\/en\/dsi-comment-evaluer-le-tco-de-votre-solution-de-supervision\/\" target=\"&quot;_blank&quot;\">\n\t\t\t\tCIO: how to evaluate the TCO of an IT supervision solution?\t\t\t<\/a>\n\t\t<\/h3>\n\t\t\t\t<div class=\"elementor-post__excerpt\">\n\t\t\t<p>As a Chief Information Officer (CIO), choosing the right IT monitoring solution is a crucial strategic task to ensure the performance, stability and security of your company's information system.<\/p>\n\t\t<\/div>\n\t\t\n\t\t<a class=\"elementor-post__read-more\" href=\"https:\/\/shwett.com\/en\/dsi-comment-evaluer-le-tco-de-votre-solution-de-supervision\/\" aria-label=\"Read more about DSI : comment \u00e9valuer le TCO de votre solution de supervision ?\" tabindex=\"-1\" target=\"_blank\">\n\t\t\tRead the guide\t\t<\/a>\n\n\t\t\t\t<\/div>\n\t\t\t\t\t<\/div>\n\t\t<\/article>\n\t\t\t\t<article class=\"elementor-post elementor-grid-item post-7520 page type-page status-publish has-post-thumbnail hentry\" role=\"listitem\">\n\t\t\t<div class=\"elementor-post__card\">\n\t\t\t\t<a class=\"elementor-post__thumbnail__link\" href=\"https:\/\/shwett.com\/en\/choisir-sa-solution-de-supervision-6-points-a-ne-pas-negliger\/\" tabindex=\"-1\" target=\"_blank\"><div class=\"elementor-post__thumbnail\"><img loading=\"lazy\" decoding=\"async\" width=\"300\" height=\"200\" src=\"https:\/\/shwett.com\/wp-content\/uploads\/2023\/08\/choisir-solution-supervision-300x200.jpg\" class=\"attachment-medium size-medium wp-image-7820\" alt=\"\" srcset=\"https:\/\/shwett.com\/wp-content\/uploads\/2023\/08\/choisir-solution-supervision-300x200.jpg 300w, https:\/\/shwett.com\/wp-content\/uploads\/2023\/08\/choisir-solution-supervision-1024x682.jpg 1024w, https:\/\/shwett.com\/wp-content\/uploads\/2023\/08\/choisir-solution-supervision-768x512.jpg 768w, https:\/\/shwett.com\/wp-content\/uploads\/2023\/08\/choisir-solution-supervision-18x12.jpg 18w, https:\/\/shwett.com\/wp-content\/uploads\/2023\/08\/choisir-solution-supervision.jpg 1400w\" sizes=\"(max-width: 300px) 100vw, 300px\" \/><\/div><\/a>\n\t\t\t\t<div class=\"elementor-post__text\">\n\t\t\t\t<h3 class=\"elementor-post__title\">\n\t\t\t<a href=\"https:\/\/shwett.com\/en\/choisir-sa-solution-de-supervision-6-points-a-ne-pas-negliger\/\" target=\"&quot;_blank&quot;\">\n\t\t\t\tChoosing your supervision solution: 6 points not to overlook\t\t\t<\/a>\n\t\t<\/h3>\n\t\t\t\t<div class=\"elementor-post__excerpt\">\n\t\t\t<p>Supervision is an essential element in guaranteeing the smooth running and availability of a company's information system. Choosing the right monitoring solution is therefore crucial.<\/p>\n\t\t<\/div>\n\t\t\n\t\t<a class=\"elementor-post__read-more\" href=\"https:\/\/shwett.com\/en\/choisir-sa-solution-de-supervision-6-points-a-ne-pas-negliger\/\" aria-label=\"Read more about Choisir sa solution de supervision : 6 points \u00e0 ne pas n\u00e9gliger\" tabindex=\"-1\" target=\"_blank\">\n\t\t\tRead the guide\t\t<\/a>\n\n\t\t\t\t<\/div>\n\t\t\t\t\t<\/div>\n\t\t<\/article>\n\t\t\t\t<article class=\"elementor-post elementor-grid-item post-7450 page type-page status-publish has-post-thumbnail hentry\" role=\"listitem\">\n\t\t\t<div class=\"elementor-post__card\">\n\t\t\t\t<a class=\"elementor-post__thumbnail__link\" href=\"https:\/\/shwett.com\/en\/dsi-comprendre-les-enjeux-de-la-dette-technique\/\" tabindex=\"-1\" target=\"_blank\"><div class=\"elementor-post__thumbnail\"><img loading=\"lazy\" decoding=\"async\" width=\"300\" height=\"200\" src=\"https:\/\/shwett.com\/wp-content\/uploads\/2023\/08\/supervision-informatique-dette-technique-300x200.jpg\" class=\"attachment-medium size-medium wp-image-7833\" alt=\"\" srcset=\"https:\/\/shwett.com\/wp-content\/uploads\/2023\/08\/supervision-informatique-dette-technique-300x200.jpg 300w, https:\/\/shwett.com\/wp-content\/uploads\/2023\/08\/supervision-informatique-dette-technique-1024x682.jpg 1024w, https:\/\/shwett.com\/wp-content\/uploads\/2023\/08\/supervision-informatique-dette-technique-768x512.jpg 768w, https:\/\/shwett.com\/wp-content\/uploads\/2023\/08\/supervision-informatique-dette-technique-18x12.jpg 18w, https:\/\/shwett.com\/wp-content\/uploads\/2023\/08\/supervision-informatique-dette-technique.jpg 1400w\" sizes=\"(max-width: 300px) 100vw, 300px\" \/><\/div><\/a>\n\t\t\t\t<div class=\"elementor-post__text\">\n\t\t\t\t<h3 class=\"elementor-post__title\">\n\t\t\t<a href=\"https:\/\/shwett.com\/en\/dsi-comprendre-les-enjeux-de-la-dette-technique\/\" target=\"&quot;_blank&quot;\">\n\t\t\t\tCIO: understanding the challenges of technical debt\t\t\t<\/a>\n\t\t<\/h3>\n\t\t\t\t<div class=\"elementor-post__excerpt\">\n\t\t\t<p>IT Departments: understanding IT technical debt to manage it better IT technical debt is a major challenge for many Information Systems Departments (ISDs) in today's businesses.<\/p>\n\t\t<\/div>\n\t\t\n\t\t<a class=\"elementor-post__read-more\" href=\"https:\/\/shwett.com\/en\/dsi-comprendre-les-enjeux-de-la-dette-technique\/\" aria-label=\"Read more about DSI : comprendre les enjeux de la dette technique\" tabindex=\"-1\" target=\"_blank\">\n\t\t\tRead the guide\t\t<\/a>\n\n\t\t\t\t<\/div>\n\t\t\t\t\t<\/div>\n\t\t<\/article>\n\t\t\t\t<article class=\"elementor-post elementor-grid-item post-7357 page type-page status-publish has-post-thumbnail hentry\" role=\"listitem\">\n\t\t\t<div class=\"elementor-post__card\">\n\t\t\t\t<a class=\"elementor-post__thumbnail__link\" href=\"https:\/\/shwett.com\/en\/supervision-informatique-pour-les-dsi\/\" tabindex=\"-1\" target=\"_blank\"><div class=\"elementor-post__thumbnail\"><img loading=\"lazy\" decoding=\"async\" width=\"300\" height=\"200\" src=\"https:\/\/shwett.com\/wp-content\/uploads\/2023\/08\/supervision-informatique-dsi-300x200.jpg\" class=\"attachment-medium size-medium wp-image-7837\" alt=\"\" srcset=\"https:\/\/shwett.com\/wp-content\/uploads\/2023\/08\/supervision-informatique-dsi-300x200.jpg 300w, https:\/\/shwett.com\/wp-content\/uploads\/2023\/08\/supervision-informatique-dsi-1024x681.jpg 1024w, https:\/\/shwett.com\/wp-content\/uploads\/2023\/08\/supervision-informatique-dsi-768x511.jpg 768w, https:\/\/shwett.com\/wp-content\/uploads\/2023\/08\/supervision-informatique-dsi-18x12.jpg 18w, https:\/\/shwett.com\/wp-content\/uploads\/2023\/08\/supervision-informatique-dsi.jpg 1400w\" sizes=\"(max-width: 300px) 100vw, 300px\" \/><\/div><\/a>\n\t\t\t\t<div class=\"elementor-post__text\">\n\t\t\t\t<h3 class=\"elementor-post__title\">\n\t\t\t<a href=\"https:\/\/shwett.com\/en\/supervision-informatique-pour-les-dsi\/\" target=\"&quot;_blank&quot;\">\n\t\t\t\tIT supervision for CIOs\t\t\t<\/a>\n\t\t<\/h3>\n\t\t\t\t<div class=\"elementor-post__excerpt\">\n\t\t\t<p>One-click IT mapping and supervision Supervision for CIOs IT supervision has long been regarded as the exclusive playground of technical teams. Thanks to recent technological advances in the field of 3D mapping and supervision, Information Systems Managers (ISMs) can now discover<\/p>\n\t\t<\/div>\n\t\t\n\t\t<a class=\"elementor-post__read-more\" href=\"https:\/\/shwett.com\/en\/supervision-informatique-pour-les-dsi\/\" aria-label=\"Read more about Supervision informatique pour les DSI\" tabindex=\"-1\" target=\"_blank\">\n\t\t\tRead the guide\t\t<\/a>\n\n\t\t\t\t<\/div>\n\t\t\t\t\t<\/div>\n\t\t<\/article>\n\t\t\t\t<\/div>\n\t\t\n\t\t\t\t\t\t<\/div>\n\t\t\t\t<\/div>\n\t\t\t\t\t<\/div>\n\t\t\t\t<\/div>\n\t\t<div class=\"elementor-element elementor-element-46e970fa e-flex e-con-boxed e-con e-parent\" data-id=\"46e970fa\" data-element_type=\"container\" data-e-type=\"container\" data-settings=\"{&quot;background_background&quot;:&quot;classic&quot;}\">\n\t\t\t\t\t<div class=\"e-con-inner\">\n\t\t\t\t<div class=\"elementor-element elementor-element-31d1d7f elementor-widget elementor-widget-text-editor\" data-id=\"31d1d7f\" data-element_type=\"widget\" data-e-type=\"widget\" data-widget_type=\"text-editor.default\">\n\t\t\t\t<div class=\"elementor-widget-container\">\n\t\t\t\t\t\t\t\t\t<p>IT mapping and monitoring, once the preserve of technical experts, is evolving into an era of broader accessibility and understanding. Today's CIOs must be masters of strategy, able to navigate the technical details while also being skilled communicators with their teams and senior management. This transition marks a new era of collaboration and informed decision-making within companies.<\/p>\t\t\t\t\t\t\t\t<\/div>\n\t\t\t\t<\/div>\n\t\t\t\t\t<\/div>\n\t\t\t\t<\/div>\n\t\t<div class=\"elementor-element elementor-element-5b889e8a e-con-full elementor-hidden-tablet elementor-hidden-mobile e-flex e-con e-parent\" data-id=\"5b889e8a\" data-element_type=\"container\" data-e-type=\"container\">\n\t\t\t\t<div class=\"elementor-element elementor-element-38373f10 elementor-cta--layout-image-above elementor-cta--valign-middle elementor-cta--skin-classic elementor-animated-content elementor-bg-transform elementor-bg-transform-zoom-in elementor-widget elementor-widget-call-to-action\" data-id=\"38373f10\" data-element_type=\"widget\" data-e-type=\"widget\" data-widget_type=\"call-to-action.default\">\n\t\t\t\t<div class=\"elementor-widget-container\">\n\t\t\t\t\t\t\t<div class=\"elementor-cta\">\n\t\t\t\t\t<div class=\"elementor-cta__bg-wrapper\">\n\t\t\t\t<div class=\"elementor-cta__bg elementor-bg\" style=\"background-image: url(https:\/\/shwett.com\/wp-content\/uploads\/2023\/06\/Quick-new-element.jpg);\" role=\"img\" aria-label=\"D\u00e9tection \u00e9l\u00e9ment par adresse IP sur le r\u00e9seau\"><\/div>\n\t\t\t\t<div class=\"elementor-cta__bg-overlay\"><\/div>\n\t\t\t<\/div>\n\t\t\t\t\t\t\t<div class=\"elementor-cta__content\">\n\t\t\t\t\n\t\t\t\t\t\t\t\t\t<h2 class=\"elementor-cta__title elementor-cta__content-item elementor-content-item\">\n\t\t\t\t\t\tCreate your own 3D cartography in 1 click\t\t\t\t\t<\/h2>\n\t\t\t\t\n\t\t\t\t\t\t\t\t\t<div class=\"elementor-cta__description elementor-cta__content-item elementor-content-item\">\n\t\t\t\t\t\tDeploy the SHWETT probe and start monitoring and managing your infrastructure from a unified 3D view.<br>Free 15-day trial period.\t\t\t\t\t<\/div>\n\t\t\t\t\n\t\t\t\t\t\t\t\t\t<div class=\"elementor-cta__button-wrapper elementor-cta__content-item elementor-content-item\">\n\t\t\t\t\t<a class=\"elementor-cta__button elementor-button elementor-size-\">\n\t\t\t\t\t\tStart your free trial\t\t\t\t\t<\/a>\n\t\t\t\t\t<\/div>\n\t\t\t\t\t\t\t<\/div>\n\t\t\t\t\t\t<\/div>\n\t\t\t\t\t\t<\/div>\n\t\t\t\t<\/div>\n\t\t\t\t<\/div>\n\t\t\t\t<\/div>","protected":false},"excerpt":{"rendered":"<p>Dossiers th\u00e9matiques supervision dsi La supervision adapt\u00e9e aux enjeux des DSI Pendant des ann\u00e9es, la cartographie et la supervision informatiques ont \u00e9t\u00e9 un domaine r\u00e9serv\u00e9 aux profils techniques. Deux obstacles majeurs expliquaient cette situation : la complexit\u00e9 inh\u00e9rente au d\u00e9ploiement des solutions historiques et le manque de clart\u00e9 et d&rsquo;intuitivit\u00e9 des outils de supervision traditionnels. [&hellip;]<\/p>","protected":false},"author":4,"featured_media":0,"parent":0,"menu_order":0,"comment_status":"closed","ping_status":"closed","template":"","meta":{"_seopress_robots_primary_cat":"","_seopress_titles_title":"Supervision pour les DSI : guide complet | Shwett","_seopress_titles_desc":"D\u00e9couvrez notre guide complet de la supervision informatique pour les DSI. Optimisez votre gestion avec nos conseils pratiques. Essayez SHWETT d\u00e8s aujourd&#039;hui !","_seopress_robots_index":"","site-sidebar-layout":"default","site-content-layout":"","ast-site-content-layout":"default","site-content-style":"default","site-sidebar-style":"default","ast-global-header-display":"","ast-banner-title-visibility":"","ast-main-header-display":"","ast-hfb-above-header-display":"","ast-hfb-below-header-display":"","ast-hfb-mobile-header-display":"","site-post-title":"","ast-breadcrumbs-content":"","ast-featured-img":"","footer-sml-layout":"","ast-disable-related-posts":"","theme-transparent-header-meta":"","adv-header-id-meta":"","stick-header-meta":"","header-above-stick-meta":"","header-main-stick-meta":"","header-below-stick-meta":"","astra-migrate-meta-layouts":"default","ast-page-background-enabled":"default","ast-page-background-meta":{"desktop":{"background-color":"var(--ast-global-color-4)","background-image":"","background-repeat":"repeat","background-position":"center center","background-size":"auto","background-attachment":"scroll","background-type":"","background-media":"","overlay-type":"","overlay-color":"","overlay-opacity":"","overlay-gradient":""},"tablet":{"background-color":"","background-image":"","background-repeat":"repeat","background-position":"center center","background-size":"auto","background-attachment":"scroll","background-type":"","background-media":"","overlay-type":"","overlay-color":"","overlay-opacity":"","overlay-gradient":""},"mobile":{"background-color":"","background-image":"","background-repeat":"repeat","background-position":"center center","background-size":"auto","background-attachment":"scroll","background-type":"","background-media":"","overlay-type":"","overlay-color":"","overlay-opacity":"","overlay-gradient":""}},"ast-content-background-meta":{"desktop":{"background-color":"var(--ast-global-color-5)","background-image":"","background-repeat":"repeat","background-position":"center center","background-size":"auto","background-attachment":"scroll","background-type":"","background-media":"","overlay-type":"","overlay-color":"","overlay-opacity":"","overlay-gradient":""},"tablet":{"background-color":"var(--ast-global-color-5)","background-image":"","background-repeat":"repeat","background-position":"center center","background-size":"auto","background-attachment":"scroll","background-type":"","background-media":"","overlay-type":"","overlay-color":"","overlay-opacity":"","overlay-gradient":""},"mobile":{"background-color":"var(--ast-global-color-5)","background-image":"","background-repeat":"repeat","background-position":"center center","background-size":"auto","background-attachment":"scroll","background-type":"","background-media":"","overlay-type":"","overlay-color":"","overlay-opacity":"","overlay-gradient":""}},"footnotes":""},"class_list":["post-7688","page","type-page","status-publish","hentry"],"_links":{"self":[{"href":"https:\/\/shwett.com\/en\/wp-json\/wp\/v2\/pages\/7688","targetHints":{"allow":["GET"]}}],"collection":[{"href":"https:\/\/shwett.com\/en\/wp-json\/wp\/v2\/pages"}],"about":[{"href":"https:\/\/shwett.com\/en\/wp-json\/wp\/v2\/types\/page"}],"author":[{"embeddable":true,"href":"https:\/\/shwett.com\/en\/wp-json\/wp\/v2\/users\/4"}],"replies":[{"embeddable":true,"href":"https:\/\/shwett.com\/en\/wp-json\/wp\/v2\/comments?post=7688"}],"version-history":[{"count":44,"href":"https:\/\/shwett.com\/en\/wp-json\/wp\/v2\/pages\/7688\/revisions"}],"predecessor-version":[{"id":9025,"href":"https:\/\/shwett.com\/en\/wp-json\/wp\/v2\/pages\/7688\/revisions\/9025"}],"wp:attachment":[{"href":"https:\/\/shwett.com\/en\/wp-json\/wp\/v2\/media?parent=7688"}],"curies":[{"name":"wp","href":"https:\/\/api.w.org\/{rel}","templated":true}]}}