{"id":8347,"date":"2024-01-11T17:21:01","date_gmt":"2024-01-11T16:21:01","guid":{"rendered":"https:\/\/shwett.com\/?page_id=8347"},"modified":"2025-06-03T16:14:26","modified_gmt":"2025-06-03T14:14:26","slug":"gestion-des-actifs-informatiques","status":"publish","type":"page","link":"https:\/\/shwett.com\/en\/gestion-des-actifs-informatiques\/","title":{"rendered":"IT asset management"},"content":{"rendered":"<div data-elementor-type=\"wp-page\" data-elementor-id=\"8347\" class=\"elementor elementor-8347\" data-elementor-post-type=\"page\">\n\t\t\t\t<div class=\"elementor-element elementor-element-39091c2d e-flex e-con-boxed e-con e-parent\" data-id=\"39091c2d\" data-element_type=\"container\" data-e-type=\"container\" data-settings=\"{&quot;background_background&quot;:&quot;classic&quot;}\">\n\t\t\t\t\t<div class=\"e-con-inner\">\n\t\t\t\t<div class=\"elementor-element elementor-element-69348737 animated-slow elementor-invisible elementor-widget elementor-widget-heading\" data-id=\"69348737\" data-element_type=\"widget\" data-e-type=\"widget\" data-settings=\"{&quot;_animation&quot;:&quot;slideInUp&quot;}\" data-widget_type=\"heading.default\">\n\t\t\t\t<div class=\"elementor-widget-container\">\n\t\t\t\t\t<h2 class=\"elementor-heading-title elementor-size-default\">Go for advanced IT asset management with Shwett<\/h2>\t\t\t\t<\/div>\n\t\t\t\t<\/div>\n\t\t\t\t<div class=\"elementor-element elementor-element-6c44db24 animated-slow elementor-invisible elementor-widget elementor-widget-heading\" data-id=\"6c44db24\" data-element_type=\"widget\" data-e-type=\"widget\" data-settings=\"{&quot;_animation&quot;:&quot;slideInUp&quot;}\" data-widget_type=\"heading.default\">\n\t\t\t\t<div class=\"elementor-widget-container\">\n\t\t\t\t\t<h1 class=\"elementor-heading-title elementor-size-default\">IT asset management<\/h1>\t\t\t\t<\/div>\n\t\t\t\t<\/div>\n\t\t\t\t<div class=\"elementor-element elementor-element-6425f4 elementor-widget elementor-widget-text-editor\" data-id=\"6425f4\" data-element_type=\"widget\" data-e-type=\"widget\" data-widget_type=\"text-editor.default\">\n\t\t\t\t<div class=\"elementor-widget-container\">\n\t\t\t\t\t\t\t\t\t<p>IT Asset Management (IAM) is a key discipline for any company seeking to optimize the use of its technological resources. It involves the monitoring, maintenance and optimization of hardware assets within an organization's IT infrastructure.<\/p><p>Simplify IT asset management, improve asset performance and minimize the risk of incidents with Shwett IT asset management.<\/p>\t\t\t\t\t\t\t\t<\/div>\n\t\t\t\t<\/div>\n\t\t\t\t\t<\/div>\n\t\t\t\t<\/div>\n\t\t<div class=\"elementor-element elementor-element-d5bee2c e-flex e-con-boxed e-con e-parent\" data-id=\"d5bee2c\" data-element_type=\"container\" data-e-type=\"container\">\n\t\t\t\t\t<div class=\"e-con-inner\">\n\t\t\t\t<div class=\"elementor-element elementor-element-18f97d5 elementor-widget elementor-widget-image\" data-id=\"18f97d5\" data-element_type=\"widget\" data-e-type=\"widget\" data-widget_type=\"image.default\">\n\t\t\t\t<div class=\"elementor-widget-container\">\n\t\t\t\t\t\t\t\t\t\t\t\t\t\t\t<img fetchpriority=\"high\" decoding=\"async\" width=\"1024\" height=\"576\" src=\"https:\/\/shwett.com\/wp-content\/uploads\/2024\/01\/V5-OK-closeup-1024x576.png\" class=\"attachment-large size-large wp-image-8059\" alt=\"Supervision de hyperviseurs et VM en 3D\" srcset=\"https:\/\/shwett.com\/wp-content\/uploads\/2024\/01\/V5-OK-closeup-1024x576.png 1024w, https:\/\/shwett.com\/wp-content\/uploads\/2024\/01\/V5-OK-closeup-300x169.png 300w, https:\/\/shwett.com\/wp-content\/uploads\/2024\/01\/V5-OK-closeup-768x432.png 768w, https:\/\/shwett.com\/wp-content\/uploads\/2024\/01\/V5-OK-closeup-1536x864.png 1536w, https:\/\/shwett.com\/wp-content\/uploads\/2024\/01\/V5-OK-closeup-18x10.png 18w, https:\/\/shwett.com\/wp-content\/uploads\/2024\/01\/V5-OK-closeup.png 1920w\" sizes=\"(max-width: 1024px) 100vw, 1024px\" \/>\t\t\t\t\t\t\t\t\t\t\t\t\t\t\t<\/div>\n\t\t\t\t<\/div>\n\t\t\t\t\t<\/div>\n\t\t\t\t<\/div>\n\t\t<div class=\"elementor-element elementor-element-f4c0d92 e-flex e-con-boxed e-con e-parent\" data-id=\"f4c0d92\" data-element_type=\"container\" data-e-type=\"container\">\n\t\t\t\t\t<div class=\"e-con-inner\">\n\t\t\t\t<div class=\"elementor-element elementor-element-d91ba41 elementor-widget elementor-widget-heading\" data-id=\"d91ba41\" data-element_type=\"widget\" data-e-type=\"widget\" data-widget_type=\"heading.default\">\n\t\t\t\t<div class=\"elementor-widget-container\">\n\t\t\t\t\t<h2 class=\"elementor-heading-title elementor-size-default\">Automatic, always up-to-date inventory thanks to automatic discovery<\/h2>\t\t\t\t<\/div>\n\t\t\t\t<\/div>\n\t\t\t\t<div class=\"elementor-element elementor-element-07ec724 elementor-widget elementor-widget-text-editor\" data-id=\"07ec724\" data-element_type=\"widget\" data-e-type=\"widget\" data-widget_type=\"text-editor.default\">\n\t\t\t\t<div class=\"elementor-widget-container\">\n\t\t\t\t\t\t\t\t\t<p>The Shwett intelligent probe revolutionizes IT asset inventory and management by continuously scanning your network. It automatically detects and categorizes every new element, whether it's a PC, router, switch, hypervisor, VM or other.\u00a0<\/p><p>The Shwett Operations Center, with its automatic discovery technology, maintains a comprehensive and constantly updated list of IT assets within your environment. This approach eliminates tedious manual action, reducing the risk of errors or oversights.<\/p>\t\t\t\t\t\t\t\t<\/div>\n\t\t\t\t<\/div>\n\t\t\t\t<div class=\"elementor-element elementor-element-631407e elementor-widget elementor-widget-heading\" data-id=\"631407e\" data-element_type=\"widget\" data-e-type=\"widget\" data-widget_type=\"heading.default\">\n\t\t\t\t<div class=\"elementor-widget-container\">\n\t\t\t\t\t<h2 class=\"elementor-heading-title elementor-size-default\">Beyond inventory: access all the information on your IT assets<\/h2>\t\t\t\t<\/div>\n\t\t\t\t<\/div>\n\t\t\t\t<div class=\"elementor-element elementor-element-ead19ec elementor-widget elementor-widget-heading\" data-id=\"ead19ec\" data-element_type=\"widget\" data-e-type=\"widget\" data-widget_type=\"heading.default\">\n\t\t\t\t<div class=\"elementor-widget-container\">\n\t\t\t\t\t<h3 class=\"elementor-heading-title elementor-size-default\">IT asset configuration<\/h3>\t\t\t\t<\/div>\n\t\t\t\t<\/div>\n\t\t\t\t<div class=\"elementor-element elementor-element-4f1fd4a elementor-widget elementor-widget-text-editor\" data-id=\"4f1fd4a\" data-element_type=\"widget\" data-e-type=\"widget\" data-widget_type=\"text-editor.default\">\n\t\t\t\t<div class=\"elementor-widget-container\">\n\t\t\t\t\t\t\t\t\t<p>Get in-depth configuration details for every IT asset, including manufacturer, model, IP address, MAC address, as well as specific information such as number of cores, RAM, etc. Shwett offers complete visibility for accurate asset management.<\/p>\t\t\t\t\t\t\t\t<\/div>\n\t\t\t\t<\/div>\n\t\t\t\t<div class=\"elementor-element elementor-element-da463fc elementor-widget elementor-widget-heading\" data-id=\"da463fc\" data-element_type=\"widget\" data-e-type=\"widget\" data-widget_type=\"heading.default\">\n\t\t\t\t<div class=\"elementor-widget-container\">\n\t\t\t\t\t<h3 class=\"elementor-heading-title elementor-size-default\">Health status<\/h3>\t\t\t\t<\/div>\n\t\t\t\t<\/div>\n\t\t\t\t<div class=\"elementor-element elementor-element-a1d29dc elementor-widget elementor-widget-text-editor\" data-id=\"a1d29dc\" data-element_type=\"widget\" data-e-type=\"widget\" data-widget_type=\"text-editor.default\">\n\t\t\t\t<div class=\"elementor-widget-container\">\n\t\t\t\t\t\t\t\t\t<p>Monitor the health of your IT assets in real time. Anticipate potential incidents by examining in\/out traffic, packets, Unicast\/multicast, as well as CPU, RAM and disk consumption of your physical servers, VMs and PCs. Shwett automatically alerts you to over-consumption, enabling you to take proactive measures.<\/p>\t\t\t\t\t\t\t\t<\/div>\n\t\t\t\t<\/div>\n\t\t\t\t<div class=\"elementor-element elementor-element-063188e elementor-widget elementor-widget-heading\" data-id=\"063188e\" data-element_type=\"widget\" data-e-type=\"widget\" data-widget_type=\"heading.default\">\n\t\t\t\t<div class=\"elementor-widget-container\">\n\t\t\t\t\t<h3 class=\"elementor-heading-title elementor-size-default\">Centralized documentation<\/h3>\t\t\t\t<\/div>\n\t\t\t\t<\/div>\n\t\t\t\t<div class=\"elementor-element elementor-element-5003de4 elementor-widget elementor-widget-text-editor\" data-id=\"5003de4\" data-element_type=\"widget\" data-e-type=\"widget\" data-widget_type=\"text-editor.default\">\n\t\t\t\t<div class=\"elementor-widget-container\">\n\t\t\t\t\t\t\t\t\t<p>Centralize your documentation (such as manufacturer documentation, service reports), history and specific procedures for each element present in the 3D environment.<\/p><p>Shwett's operational knowledge base provides easy access at all times for all members of your team.<\/p><p>Simplify information retrieval, asset management and troubleshooting by centralizing all your documentation.<\/p>\t\t\t\t\t\t\t\t<\/div>\n\t\t\t\t<\/div>\n\t\t\t\t\t<\/div>\n\t\t\t\t<\/div>\n\t\t<div class=\"elementor-element elementor-element-aea37df e-flex e-con-boxed e-con e-parent\" data-id=\"aea37df\" data-element_type=\"container\" data-e-type=\"container\">\n\t\t\t\t\t<div class=\"e-con-inner\">\n\t\t\t\t<div class=\"elementor-element elementor-element-b87c5b2 elementor-widget elementor-widget-text-editor\" data-id=\"b87c5b2\" data-element_type=\"widget\" data-e-type=\"widget\" data-widget_type=\"text-editor.default\">\n\t\t\t\t<div class=\"elementor-widget-container\">\n\t\t\t\t\t\t\t\t\t<p>Optimize your IT asset management with Shwett's advanced solution. Contact us today to find out how our automated approach can improve the efficiency and reliability of your IT infrastructure.<\/p>\t\t\t\t\t\t\t\t<\/div>\n\t\t\t\t<\/div>\n\t\t\t\t\t<\/div>\n\t\t\t\t<\/div>\n\t\t\t\t<\/div>","protected":false},"excerpt":{"rendered":"<p>Optez pour la gestion des actifs informatiques avanc\u00e9e avec Shwett Gestion des actifs informatiques La Gestion des Actifs Informatiques (GAI) est une discipline cl\u00e9 pour toute entreprise cherchant \u00e0 optimiser l&rsquo;utilisation de ses ressources technologiques. Elle implique la surveillance, la maintenance et l&rsquo;optimisation des actifs mat\u00e9riels au sein de l&rsquo;infrastructure informatique d&rsquo;une organisation. Simplifiez la [&hellip;]<\/p>","protected":false},"author":4,"featured_media":0,"parent":0,"menu_order":0,"comment_status":"closed","ping_status":"closed","template":"","meta":{"_seopress_robots_primary_cat":"","_seopress_titles_title":"Gestion Avanc\u00e9e des Actifs Informatiques avec Shwett | Optimisation IT","_seopress_titles_desc":"Simplifiez la gestion de votre parc informatique avec la Gestion des Actifs Informatiques (GAI) de Shwett. Am\u00e9liorez la performance, minimisez les risques et optimisez l&#039;utilisation de vos ressources technologiques.","_seopress_robots_index":"","site-sidebar-layout":"default","site-content-layout":"","ast-site-content-layout":"default","site-content-style":"default","site-sidebar-style":"default","ast-global-header-display":"","ast-banner-title-visibility":"","ast-main-header-display":"","ast-hfb-above-header-display":"","ast-hfb-below-header-display":"","ast-hfb-mobile-header-display":"","site-post-title":"","ast-breadcrumbs-content":"","ast-featured-img":"","footer-sml-layout":"","ast-disable-related-posts":"","theme-transparent-header-meta":"","adv-header-id-meta":"","stick-header-meta":"","header-above-stick-meta":"","header-main-stick-meta":"","header-below-stick-meta":"","astra-migrate-meta-layouts":"set","ast-page-background-enabled":"default","ast-page-background-meta":{"desktop":{"background-color":"var(--ast-global-color-4)","background-image":"","background-repeat":"repeat","background-position":"center center","background-size":"auto","background-attachment":"scroll","background-type":"","background-media":"","overlay-type":"","overlay-color":"","overlay-opacity":"","overlay-gradient":""},"tablet":{"background-color":"","background-image":"","background-repeat":"repeat","background-position":"center center","background-size":"auto","background-attachment":"scroll","background-type":"","background-media":"","overlay-type":"","overlay-color":"","overlay-opacity":"","overlay-gradient":""},"mobile":{"background-color":"","background-image":"","background-repeat":"repeat","background-position":"center center","background-size":"auto","background-attachment":"scroll","background-type":"","background-media":"","overlay-type":"","overlay-color":"","overlay-opacity":"","overlay-gradient":""}},"ast-content-background-meta":{"desktop":{"background-color":"var(--ast-global-color-5)","background-image":"","background-repeat":"repeat","background-position":"center center","background-size":"auto","background-attachment":"scroll","background-type":"","background-media":"","overlay-type":"","overlay-color":"","overlay-opacity":"","overlay-gradient":""},"tablet":{"background-color":"var(--ast-global-color-5)","background-image":"","background-repeat":"repeat","background-position":"center center","background-size":"auto","background-attachment":"scroll","background-type":"","background-media":"","overlay-type":"","overlay-color":"","overlay-opacity":"","overlay-gradient":""},"mobile":{"background-color":"var(--ast-global-color-5)","background-image":"","background-repeat":"repeat","background-position":"center center","background-size":"auto","background-attachment":"scroll","background-type":"","background-media":"","overlay-type":"","overlay-color":"","overlay-opacity":"","overlay-gradient":""}},"footnotes":""},"class_list":["post-8347","page","type-page","status-publish","hentry"],"_links":{"self":[{"href":"https:\/\/shwett.com\/en\/wp-json\/wp\/v2\/pages\/8347","targetHints":{"allow":["GET"]}}],"collection":[{"href":"https:\/\/shwett.com\/en\/wp-json\/wp\/v2\/pages"}],"about":[{"href":"https:\/\/shwett.com\/en\/wp-json\/wp\/v2\/types\/page"}],"author":[{"embeddable":true,"href":"https:\/\/shwett.com\/en\/wp-json\/wp\/v2\/users\/4"}],"replies":[{"embeddable":true,"href":"https:\/\/shwett.com\/en\/wp-json\/wp\/v2\/comments?post=8347"}],"version-history":[{"count":18,"href":"https:\/\/shwett.com\/en\/wp-json\/wp\/v2\/pages\/8347\/revisions"}],"predecessor-version":[{"id":9670,"href":"https:\/\/shwett.com\/en\/wp-json\/wp\/v2\/pages\/8347\/revisions\/9670"}],"wp:attachment":[{"href":"https:\/\/shwett.com\/en\/wp-json\/wp\/v2\/media?parent=8347"}],"curies":[{"name":"wp","href":"https:\/\/api.w.org\/{rel}","templated":true}]}}